{"id":1319,"date":"2024-08-05T16:22:54","date_gmt":"2024-08-05T21:22:54","guid":{"rendered":"https:\/\/mundosonoro.org\/?page_id=1319"},"modified":"2024-08-27T09:39:46","modified_gmt":"2024-08-27T14:39:46","slug":"memoria-de-cantalicio-rojas-gonzalez-1896-1974","status":"publish","type":"page","link":"https:\/\/mundosonoro.org\/?page_id=1319","title":{"rendered":"Memoria de Cantalicio Rojas Gonz\u00e1lez   (1896-1974)"},"content":{"rendered":"\n<h3 class=\"wp-block-heading has-text-align-center\">Grupo Cantatierra de la ciudad de Ibague , Colombia, 1992<\/h3>\n\n\n\n<h4 class=\"wp-block-heading has-text-align-center\">Grabaci\u00f3n Original en disco LP producida por el grupo Cantatierra. Grabado en los estudios de Colcultura , Casa Li\u00e9vano , Bogot\u00e1 1992.<\/h4>\n\n\n<div class=\"n2-section-smartslider fitvidsignore  n2_clear\" data-ssid=\"2\"><div id=\"n2-ss-2-align\" class=\"n2-ss-align\"><div class=\"n2-padding\"><div id=\"n2-ss-2\" data-creator=\"Smart Slider 3\" data-responsive=\"auto\" class=\"n2-ss-slider n2-ow n2-has-hover n2notransition  \"><div class=\"n2-ss-slider-wrapper-inside\">\n        <div class=\"n2-ss-slider-1 n2_ss__touch_element n2-ow\">\n            <div class=\"n2-ss-slider-2 n2-ow\">\n                                                <div class=\"n2-ss-slider-3 n2-ow\">\n\n                    <div class=\"n2-ss-slide-backgrounds n2-ow-all\"><div class=\"n2-ss-slide-background\" data-public-id=\"1\" data-mode=\"fill\"><div class=\"n2-ss-slide-background-image\" data-blur=\"0\" data-opacity=\"100\" data-x=\"50\" data-y=\"50\" data-alt=\"\" data-title=\"\"><picture class=\"skip-lazy\" data-skip-lazy=\"1\"><img decoding=\"async\" src=\"\/\/mundosonoro.org\/wp-content\/uploads\/2024\/08\/2-visitaMIM-scaled.jpg\" alt=\"\" title=\"\" loading=\"lazy\" class=\"skip-lazy\" data-skip-lazy=\"1\"><\/picture><\/div><div data-color=\"RGBA(255,255,255,0)\" style=\"background-color: RGBA(255,255,255,0);\" class=\"n2-ss-slide-background-color\"><\/div><\/div><div class=\"n2-ss-slide-background\" data-public-id=\"2\" data-mode=\"fill\"><div class=\"n2-ss-slide-background-image\" data-blur=\"0\" data-opacity=\"100\" data-x=\"50\" data-y=\"50\" data-alt=\"\" data-title=\"\"><picture class=\"skip-lazy\" data-skip-lazy=\"1\"><img decoding=\"async\" src=\"\/\/mundosonoro.org\/wp-content\/uploads\/2024\/08\/LP-CARA3_2-scaled.jpg\" alt=\"\" title=\"\" loading=\"lazy\" class=\"skip-lazy\" data-skip-lazy=\"1\"><\/picture><\/div><div data-color=\"RGBA(255,255,255,0)\" style=\"background-color: RGBA(255,255,255,0);\" class=\"n2-ss-slide-background-color\"><\/div><\/div><div class=\"n2-ss-slide-background\" data-public-id=\"3\" data-mode=\"fill\"><div class=\"n2-ss-slide-background-image\" data-blur=\"0\" data-opacity=\"100\" data-x=\"50\" data-y=\"50\" data-alt=\"\" data-title=\"\"><picture class=\"skip-lazy\" data-skip-lazy=\"1\"><img decoding=\"async\" src=\"\/\/mundosonoro.org\/wp-content\/uploads\/2024\/08\/LP-CARA1_2-scaled.jpg\" alt=\"\" title=\"\" loading=\"lazy\" class=\"skip-lazy\" data-skip-lazy=\"1\"><\/picture><\/div><div data-color=\"RGBA(255,255,255,0)\" style=\"background-color: RGBA(255,255,255,0);\" class=\"n2-ss-slide-background-color\"><\/div><\/div><div class=\"n2-ss-slide-background\" data-public-id=\"4\" data-mode=\"fill\"><div class=\"n2-ss-slide-background-image\" data-blur=\"0\" data-opacity=\"100\" data-x=\"50\" data-y=\"50\" data-alt=\"\" data-title=\"\"><picture class=\"skip-lazy\" data-skip-lazy=\"1\"><img decoding=\"async\" src=\"\/\/mundosonoro.org\/wp-content\/uploads\/2024\/08\/LP-CARA2_2-scaled.jpg\" alt=\"\" title=\"\" loading=\"lazy\" class=\"skip-lazy\" data-skip-lazy=\"1\"><\/picture><\/div><div data-color=\"RGBA(255,255,255,0)\" style=\"background-color: RGBA(255,255,255,0);\" class=\"n2-ss-slide-background-color\"><\/div><\/div><\/div>                    <div class=\"n2-ss-slider-4 n2-ow\">\n                        <svg xmlns=\"http:\/\/www.w3.org\/2000\/svg\" viewBox=\"0 0 1000 1000\" data-related-device=\"desktopPortrait\" class=\"n2-ow n2-ss-preserve-size n2-ss-preserve-size--slider n2-ss-slide-limiter\"><\/svg><div data-first=\"1\" data-slide-duration=\"0\" data-id=\"4\" data-slide-public-id=\"1\" data-title=\"2-visitaMIM\" class=\"n2-ss-slide n2-ow  n2-ss-slide-4\"><div role=\"note\" class=\"n2-ss-slide--focus\" tabindex=\"-1\">2-visitaMIM<\/div><div class=\"n2-ss-layers-container n2-ss-slide-limiter n2-ow\"><div class=\"n2-ss-layer n2-ow n-uc-E3U694mizChR\" data-sstype=\"slide\" data-pm=\"default\"><\/div><\/div><\/div><div data-slide-duration=\"0\" data-id=\"5\" data-slide-public-id=\"2\" data-title=\"LP CARA3_2\" class=\"n2-ss-slide n2-ow  n2-ss-slide-5\"><div role=\"note\" class=\"n2-ss-slide--focus\" tabindex=\"-1\">LP CARA3_2<\/div><div class=\"n2-ss-layers-container n2-ss-slide-limiter n2-ow\"><div class=\"n2-ss-layer n2-ow n-uc-GW2uwmIBSNbc\" data-sstype=\"slide\" data-pm=\"default\"><\/div><\/div><\/div><div data-slide-duration=\"0\" data-id=\"6\" data-slide-public-id=\"3\" data-title=\"LP CARA1_2\" class=\"n2-ss-slide n2-ow  n2-ss-slide-6\"><div role=\"note\" class=\"n2-ss-slide--focus\" tabindex=\"-1\">LP CARA1_2<\/div><div class=\"n2-ss-layers-container n2-ss-slide-limiter n2-ow\"><div class=\"n2-ss-layer n2-ow n-uc-qK4aOIOwPAKh\" data-sstype=\"slide\" data-pm=\"default\"><\/div><\/div><\/div><div data-slide-duration=\"0\" data-id=\"7\" data-slide-public-id=\"4\" data-title=\"LP CARA2_2\" class=\"n2-ss-slide n2-ow  n2-ss-slide-7\"><div role=\"note\" class=\"n2-ss-slide--focus\" tabindex=\"-1\">LP CARA2_2<\/div><div class=\"n2-ss-layers-container n2-ss-slide-limiter n2-ow\"><div class=\"n2-ss-layer n2-ow n-uc-ivDh8GrMJG4d\" data-sstype=\"slide\" data-pm=\"default\"><\/div><\/div><\/div>                    <\/div>\n\n                                    <\/div>\n            <\/div>\n        <\/div>\n        <div class=\"n2-ss-slider-controls n2-ss-slider-controls-absolute-left-center\"><div style=\"--widget-offset:15px;\" class=\"n2-ss-widget nextend-arrow n2-ow-all nextend-arrow-previous  nextend-arrow-animated-fade\" data-hide-mobileportrait=\"1\" id=\"n2-ss-2-arrow-previous\" role=\"button\" aria-label=\"previous arrow\" tabindex=\"0\"><img loading=\"lazy\" decoding=\"async\" width=\"32\" height=\"32\" class=\"skip-lazy\" data-skip-lazy=\"1\" src=\"data:image\/svg+xml;base64,PHN2ZyB3aWR0aD0iMzIiIGhlaWdodD0iMzIiIHZpZXdCb3g9IjAgMCAzMiAzMiIgeG1sbnM9Imh0dHA6Ly93d3cudzMub3JnLzIwMDAvc3ZnIj4KICAgIDxwYXRoIGQ9Ik0xMS40MzMgMTUuOTkyTDIyLjY5IDUuNzEyYy4zOTMtLjM5LjM5My0xLjAzIDAtMS40Mi0uMzkzLS4zOS0xLjAzLS4zOS0xLjQyMyAwbC0xMS45OCAxMC45NGMtLjIxLjIxLS4zLjQ5LS4yODUuNzYtLjAxNS4yOC4wNzUuNTYuMjg0Ljc3bDExLjk4IDEwLjk0Yy4zOTMuMzkgMS4wMy4zOSAxLjQyNCAwIC4zOTMtLjQuMzkzLTEuMDMgMC0xLjQybC0xMS4yNTctMTAuMjkiCiAgICAgICAgICBmaWxsPSIjZmZmZmZmIiBvcGFjaXR5PSIwLjgiIGZpbGwtcnVsZT0iZXZlbm9kZCIvPgo8L3N2Zz4=\" alt=\"previous arrow\"><\/div><\/div><div class=\"n2-ss-slider-controls n2-ss-slider-controls-absolute-right-center\"><div style=\"--widget-offset:15px;\" class=\"n2-ss-widget nextend-arrow n2-ow-all nextend-arrow-next  nextend-arrow-animated-fade\" data-hide-mobileportrait=\"1\" id=\"n2-ss-2-arrow-next\" role=\"button\" aria-label=\"next arrow\" tabindex=\"0\"><img loading=\"lazy\" decoding=\"async\" width=\"32\" height=\"32\" class=\"skip-lazy\" data-skip-lazy=\"1\" src=\"data:image\/svg+xml;base64,PHN2ZyB3aWR0aD0iMzIiIGhlaWdodD0iMzIiIHZpZXdCb3g9IjAgMCAzMiAzMiIgeG1sbnM9Imh0dHA6Ly93d3cudzMub3JnLzIwMDAvc3ZnIj4KICAgIDxwYXRoIGQ9Ik0xMC43MjIgNC4yOTNjLS4zOTQtLjM5LTEuMDMyLS4zOS0xLjQyNyAwLS4zOTMuMzktLjM5MyAxLjAzIDAgMS40MmwxMS4yODMgMTAuMjgtMTEuMjgzIDEwLjI5Yy0uMzkzLjM5LS4zOTMgMS4wMiAwIDEuNDIuMzk1LjM5IDEuMDMzLjM5IDEuNDI3IDBsMTIuMDA3LTEwLjk0Yy4yMS0uMjEuMy0uNDkuMjg0LS43Ny4wMTQtLjI3LS4wNzYtLjU1LS4yODYtLjc2TDEwLjcyIDQuMjkzeiIKICAgICAgICAgIGZpbGw9IiNmZmZmZmYiIG9wYWNpdHk9IjAuOCIgZmlsbC1ydWxlPSJldmVub2RkIi8+Cjwvc3ZnPg==\" alt=\"next arrow\"><\/div><\/div><\/div><\/div><ss3-loader><\/ss3-loader><\/div><\/div><div class=\"n2_clear\"><\/div><\/div>\n\n\n<pre class=\"wp-block-code\"><code><\/code><\/pre>\n\n\n\n<h3 class=\"wp-block-heading has-text-align-center\">1. <strong><em>Ca\u00f1a N\u00ba5<\/em><\/strong><\/h3>\n\n\n\n<figure class=\"wp-block-audio\"><audio  controls src=\"https:\/\/mundosonoro.org\/wp-content\/uploads\/2024\/08\/1-CANA-5.mp3\"><\/audio><\/figure>\n\n\n\n<h3 class=\"wp-block-heading has-text-align-center\">2. <strong><em>La Pesca<\/em><\/strong>\/ bambuco<\/h3>\n\n\n\n<figure class=\"wp-block-audio\"><audio  controls src=\"https:\/\/mundosonoro.org\/wp-content\/uploads\/2024\/08\/2-LA-PESCA.mp3\"><\/audio><\/figure>\n\n\n\n<h3 class=\"wp-block-heading has-text-align-center\">3. <strong><em>Adrianita Rojas<\/em><\/strong>\/ Polka<\/h3>\n\n\n\n<figure class=\"wp-block-audio\"><audio  controls src=\"https:\/\/mundosonoro.org\/wp-content\/uploads\/2024\/08\/3-ADRIANITA-ROJAS.mp3\"><\/audio><\/figure>\n\n\n\n<h3 class=\"wp-block-heading has-text-align-center\">4. <strong><em>Sentimiento Ind\u00edgena<\/em><\/strong>\/ bambuco fiestero<\/h3>\n\n\n\n<figure class=\"wp-block-audio\"><audio  controls src=\"https:\/\/mundosonoro.org\/wp-content\/uploads\/2024\/08\/4-SENTIMIENTO-INDIGENA.mp3\"><\/audio><\/figure>\n\n\n\n<h3 class=\"wp-block-heading has-text-align-center\">5. <strong><em>El pe\u00f3n y el Hacendado<\/em><\/strong>\/ guabina<\/h3>\n\n\n\n<figure class=\"wp-block-audio\"><audio  controls src=\"https:\/\/mundosonoro.org\/wp-content\/uploads\/2024\/08\/5-EL-PEON-Y-EL-HACENDADO.mp3\"><\/audio><\/figure>\n\n\n\n<h3 class=\"wp-block-heading has-text-align-center\">6. <strong><em>Los Matachines<\/em><\/strong>\/ parrandero<\/h3>\n\n\n\n<figure class=\"wp-block-audio\"><audio  controls src=\"https:\/\/mundosonoro.org\/wp-content\/uploads\/2024\/08\/6-LOS-MATACHINES.mp3\"><\/audio><\/figure>\n\n\n\n<h3 class=\"wp-block-heading has-text-align-center\">7. <strong><em>Ca\u00f1a N\u00ba 1<\/em><\/strong>\/son ind\u00edgena<\/h3>\n\n\n\n<figure class=\"wp-block-audio\"><audio  controls src=\"https:\/\/mundosonoro.org\/wp-content\/uploads\/2024\/08\/7-CANA-1.mp3\"><\/audio><\/figure>\n\n\n\n<h3 class=\"wp-block-heading has-text-align-center\">8. <em><strong>El Enamorao<\/strong> \/ bambuco<\/em><\/h3>\n\n\n\n<figure class=\"wp-block-audio\"><audio  controls src=\"https:\/\/mundosonoro.org\/wp-content\/uploads\/2024\/08\/8-EL-ENAMORAO.mp3\"><\/audio><\/figure>\n\n\n\n<h3 class=\"wp-block-heading has-text-align-center\">9. <strong><em>Ca\u00f1a N\u00ba 4<\/em><\/strong><em>\/<\/em> son ind\u00edgena<\/h3>\n\n\n\n<figure class=\"wp-block-audio\"><audio  controls src=\"https:\/\/mundosonoro.org\/wp-content\/uploads\/2024\/08\/9-CANA-4.mp3\"><\/audio><\/figure>\n\n\n\n<h3 class=\"wp-block-heading has-text-align-center\">10. <strong><em>Carameleo<\/em><\/strong> \/ pasillo<\/h3>\n\n\n\n<figure class=\"wp-block-audio\"><audio  controls src=\"https:\/\/mundosonoro.org\/wp-content\/uploads\/2024\/08\/10-CARAMELEO.mp3\"><\/audio><\/figure>\n\n\n\n<h3 class=\"wp-block-heading has-text-align-center\">11. <strong><em>La Mirla<\/em><\/strong> \/ Rumba criolla<\/h3>\n\n\n\n<figure class=\"wp-block-audio\"><audio  controls src=\"https:\/\/mundosonoro.org\/wp-content\/uploads\/2024\/08\/11-LA-MIRLA.mp3\"><\/audio><\/figure>\n\n\n\n<h3 class=\"wp-block-heading has-text-align-center\">12. <em><strong>Alegr\u00eda Tolimense<\/strong>\/ bambuco Fiestero<\/em><\/h3>\n\n\n\n<figure class=\"wp-block-audio\"><audio  controls src=\"https:\/\/mundosonoro.org\/wp-content\/uploads\/2024\/08\/12-ALEGRIA-TOLIMENSE.mp3\"><\/audio><\/figure>\n\n\n\n<h2 class=\"wp-block-heading has-text-align-center\">C\u00f3digo # CMS-024<\/h2>\n\n\n\n<p><\/p>\n","protected":false},"excerpt":{"rendered":"<p>Grupo Cantatierra de la ciudad de Ibague , Colombia, 1992 Grabaci\u00f3n Original en disco LP producida por el grupo Cantatierra. Grabado en los estudios de Colcultura , Casa Li\u00e9vano ,&hellip;<\/p>\n","protected":false},"author":1,"featured_media":0,"parent":0,"menu_order":0,"comment_status":"closed","ping_status":"closed","template":"","meta":{"footnotes":""},"class_list":["post-1319","page","type-page","status-publish","hentry"],"_links":{"self":[{"href":"https:\/\/mundosonoro.org\/index.php?rest_route=\/wp\/v2\/pages\/1319","targetHints":{"allow":["GET"]}}],"collection":[{"href":"https:\/\/mundosonoro.org\/index.php?rest_route=\/wp\/v2\/pages"}],"about":[{"href":"https:\/\/mundosonoro.org\/index.php?rest_route=\/wp\/v2\/types\/page"}],"author":[{"embeddable":true,"href":"https:\/\/mundosonoro.org\/index.php?rest_route=\/wp\/v2\/users\/1"}],"replies":[{"embeddable":true,"href":"https:\/\/mundosonoro.org\/index.php?rest_route=%2Fwp%2Fv2%2Fcomments&post=1319"}],"version-history":[{"count":8,"href":"https:\/\/mundosonoro.org\/index.php?rest_route=\/wp\/v2\/pages\/1319\/revisions"}],"predecessor-version":[{"id":1350,"href":"https:\/\/mundosonoro.org\/index.php?rest_route=\/wp\/v2\/pages\/1319\/revisions\/1350"}],"wp:attachment":[{"href":"https:\/\/mundosonoro.org\/index.php?rest_route=%2Fwp%2Fv2%2Fmedia&parent=1319"}],"curies":[{"name":"wp","href":"https:\/\/api.w.org\/{rel}","templated":true}]}}