{"id":1432,"date":"2025-02-25T10:13:28","date_gmt":"2025-02-25T15:13:28","guid":{"rendered":"https:\/\/mundosonoro.org\/?page_id=1432"},"modified":"2025-04-03T09:55:11","modified_gmt":"2025-04-03T14:55:11","slug":"instrumentos-musicales-en-america","status":"publish","type":"page","link":"https:\/\/mundosonoro.org\/?page_id=1432","title":{"rendered":"SALA 2 INSTRUMENTOS MUSICALES EN AM\u00c9RICA"},"content":{"rendered":"\n<h2 class=\"wp-block-heading has-text-align-center\"><strong>Am\u00e9rica ind\u00edgena<\/strong><br><br><\/h2>\n\n\n\n<p class=\"has-text-align-center\">Las sociedades indoamericanas representan un patrimonio inconfundible de resistencia a la colonizaci\u00f3n europea. Sus cantos y danzas soportadas en una infinidad de objetos sonoros indican la importancia de la m\u00fasica en la construcci\u00f3n de sus sociedades y rituales.&nbsp; Las m\u00fasicas ind\u00edgenas en Am\u00e9rica son una expresi\u00f3n vital de las culturas originarias, reflejando sus cosmovisiones, creencias y conexi\u00f3n con la naturaleza. A trav\u00e9s de instrumentos como flautas, tambores y maracas, cumplen funciones ceremoniales, comunicativas y curativas, y transmiten conocimientos ancestrales. Estas m\u00fasicas preservan la memoria cultural y siguen siendo una forma de resistencia frente a la colonizaci\u00f3n, manteniendo vivas las lenguas y valores de los pueblos originarios, siendo un patrimonio clave para entender la herencia cultural del continente.<br><br>Instrumentos: Rondador \/ Chajchas \/ Siku T&#8217;uyu \/ Quenacho \/ Palo de Lluvia \/ Viol\u00edn Apache \/ Palo de Lluvia \/ Maraca Comanche \/ Palo de Lluvia \/ Sonaja \/ Tarka \/ Ocarina chilena \/ Ocarina Chilena&nbsp; \/ Mohoce\u00f1o \/&nbsp; Quena \/&nbsp; Ocarina Chilena \/ Tarka \/&nbsp; Tinya\/ Silbato Bahiano \/ Flauta doble peruana \/ Chajchas&nbsp; \/ Ocarina Mexicana \/ Ayotl \/ Rondador&nbsp; \/ Waqrapuku \/ Caja \/Botella SilbanteI<\/p>\n","protected":false},"excerpt":{"rendered":"<p>Am\u00e9rica ind\u00edgena Las sociedades indoamericanas representan un patrimonio inconfundible de resistencia a la colonizaci\u00f3n europea. Sus cantos y danzas soportadas en una infinidad de objetos sonoros indican la importancia de&hellip;<\/p>\n","protected":false},"author":1,"featured_media":1525,"parent":0,"menu_order":0,"comment_status":"closed","ping_status":"closed","template":"","meta":{"footnotes":""},"class_list":["post-1432","page","type-page","status-publish","has-post-thumbnail","hentry"],"_links":{"self":[{"href":"https:\/\/mundosonoro.org\/index.php?rest_route=\/wp\/v2\/pages\/1432","targetHints":{"allow":["GET"]}}],"collection":[{"href":"https:\/\/mundosonoro.org\/index.php?rest_route=\/wp\/v2\/pages"}],"about":[{"href":"https:\/\/mundosonoro.org\/index.php?rest_route=\/wp\/v2\/types\/page"}],"author":[{"embeddable":true,"href":"https:\/\/mundosonoro.org\/index.php?rest_route=\/wp\/v2\/users\/1"}],"replies":[{"embeddable":true,"href":"https:\/\/mundosonoro.org\/index.php?rest_route=%2Fwp%2Fv2%2Fcomments&post=1432"}],"version-history":[{"count":4,"href":"https:\/\/mundosonoro.org\/index.php?rest_route=\/wp\/v2\/pages\/1432\/revisions"}],"predecessor-version":[{"id":1574,"href":"https:\/\/mundosonoro.org\/index.php?rest_route=\/wp\/v2\/pages\/1432\/revisions\/1574"}],"wp:featuredmedia":[{"embeddable":true,"href":"https:\/\/mundosonoro.org\/index.php?rest_route=\/wp\/v2\/media\/1525"}],"wp:attachment":[{"href":"https:\/\/mundosonoro.org\/index.php?rest_route=%2Fwp%2Fv2%2Fmedia&parent=1432"}],"curies":[{"name":"wp","href":"https:\/\/api.w.org\/{rel}","templated":true}]}}