{"id":1446,"date":"2025-02-25T10:43:09","date_gmt":"2025-02-25T15:43:09","guid":{"rendered":"https:\/\/mundosonoro.org\/?page_id=1446"},"modified":"2026-04-07T15:50:39","modified_gmt":"2026-04-07T20:50:39","slug":"mestizaje-musical-americano","status":"publish","type":"page","link":"https:\/\/mundosonoro.org\/?page_id=1446","title":{"rendered":"MEZTIZAJE MUSICAL AMERICANO"},"content":{"rendered":"\n<p>El mestizaje musical en Am\u00e9rica surge de la interacci\u00f3n de diversas culturas y tradiciones sonoras, particularmente de las m\u00fasicas ind\u00edgenas, africanas y europeas. Este proceso de hibridaci\u00f3n ha dado lugar a nuevos g\u00e9neros, ritmos y estilos que se transforman, dando forma a las identidades musicales de los diferentes pa\u00edses del continente. Este mestizaje se puede observar en la incorporaci\u00f3n de instrumentos aut\u00f3ctonos fusionados con instrumentos europeos o africanos, generando sonoridades que reflejan la historia social y cultural de cada regi\u00f3n.&nbsp;<\/p>\n\n\n\n<p>Instrumentos: Autoharp \/ Charango \/ Guitarra Dreadnougth \u201cKay\u201d \/ La\u00fad Cubano \/ Cinco Larense \/ viol\u00edn Paracho<\/p>\n\n\n\n<h2 class=\"wp-block-heading has-text-align-center\">GUITARRA FOLK<\/h2>\n\n\n\n<figure class=\"wp-block-image size-large\"><img loading=\"lazy\" decoding=\"async\" width=\"1024\" height=\"576\" src=\"https:\/\/mundosonoro.org\/wp-content\/uploads\/2025\/07\/087-guitarra-folk-1024x576.png\" alt=\"\" class=\"wp-image-1743\" srcset=\"https:\/\/mundosonoro.org\/wp-content\/uploads\/2025\/07\/087-guitarra-folk-1024x576.png 1024w, https:\/\/mundosonoro.org\/wp-content\/uploads\/2025\/07\/087-guitarra-folk-300x169.png 300w, https:\/\/mundosonoro.org\/wp-content\/uploads\/2025\/07\/087-guitarra-folk-768x432.png 768w, https:\/\/mundosonoro.org\/wp-content\/uploads\/2025\/07\/087-guitarra-folk-1536x864.png 1536w, https:\/\/mundosonoro.org\/wp-content\/uploads\/2025\/07\/087-guitarra-folk-18x10.png 18w, https:\/\/mundosonoro.org\/wp-content\/uploads\/2025\/07\/087-guitarra-folk.png 1920w\" sizes=\"auto, (max-width: 1024px) 100vw, 1024px\" \/><\/figure>\n\n\n\n<figure class=\"wp-block-audio\"><audio  data-artist=\"Martin Guitar\" data-title=\"The basics of Tone Woods\" controls src=\"https:\/\/mundosonoro.org\/wp-content\/uploads\/2025\/07\/87.Guitarra-folk.mp3\"><\/audio><\/figure>\n\n\n\n<h2 class=\"wp-block-heading has-text-align-center\">MANDOLINA<\/h2>\n\n\n\n<figure class=\"wp-block-image size-large\"><img loading=\"lazy\" decoding=\"async\" width=\"1024\" height=\"576\" src=\"https:\/\/mundosonoro.org\/wp-content\/uploads\/2025\/07\/010-Mandolina-1024x576.png\" alt=\"\" class=\"wp-image-1756\" srcset=\"https:\/\/mundosonoro.org\/wp-content\/uploads\/2025\/07\/010-Mandolina-1024x576.png 1024w, https:\/\/mundosonoro.org\/wp-content\/uploads\/2025\/07\/010-Mandolina-300x169.png 300w, https:\/\/mundosonoro.org\/wp-content\/uploads\/2025\/07\/010-Mandolina-768x432.png 768w, https:\/\/mundosonoro.org\/wp-content\/uploads\/2025\/07\/010-Mandolina-18x10.png 18w, https:\/\/mundosonoro.org\/wp-content\/uploads\/2025\/07\/010-Mandolina.png 1411w\" sizes=\"auto, (max-width: 1024px) 100vw, 1024px\" \/><\/figure>\n\n\n\n<figure class=\"wp-block-audio\"><audio  controls src=\"https:\/\/mundosonoro.org\/wp-content\/uploads\/2025\/07\/010-Mandolina-1.mp3\"><\/audio><\/figure>\n\n\n\n<h2 class=\"wp-block-heading has-text-align-center\">UKELELE<\/h2>\n\n\n\n<figure class=\"wp-block-audio\"><audio  controls src=\"https:\/\/mundosonoro.org\/wp-content\/uploads\/2025\/07\/210-Ukelele.mp3\"><\/audio><\/figure>\n","protected":false},"excerpt":{"rendered":"<p>El mestizaje musical en Am\u00e9rica surge de la interacci\u00f3n de diversas culturas y tradiciones sonoras, particularmente de las m\u00fasicas ind\u00edgenas, africanas y europeas. Este proceso de hibridaci\u00f3n ha dado lugar&hellip;<\/p>\n","protected":false},"author":1,"featured_media":1372,"parent":0,"menu_order":0,"comment_status":"closed","ping_status":"closed","template":"","meta":{"footnotes":""},"class_list":["post-1446","page","type-page","status-publish","has-post-thumbnail","hentry"],"_links":{"self":[{"href":"https:\/\/mundosonoro.org\/index.php?rest_route=\/wp\/v2\/pages\/1446","targetHints":{"allow":["GET"]}}],"collection":[{"href":"https:\/\/mundosonoro.org\/index.php?rest_route=\/wp\/v2\/pages"}],"about":[{"href":"https:\/\/mundosonoro.org\/index.php?rest_route=\/wp\/v2\/types\/page"}],"author":[{"embeddable":true,"href":"https:\/\/mundosonoro.org\/index.php?rest_route=\/wp\/v2\/users\/1"}],"replies":[{"embeddable":true,"href":"https:\/\/mundosonoro.org\/index.php?rest_route=%2Fwp%2Fv2%2Fcomments&post=1446"}],"version-history":[{"count":11,"href":"https:\/\/mundosonoro.org\/index.php?rest_route=\/wp\/v2\/pages\/1446\/revisions"}],"predecessor-version":[{"id":1821,"href":"https:\/\/mundosonoro.org\/index.php?rest_route=\/wp\/v2\/pages\/1446\/revisions\/1821"}],"wp:featuredmedia":[{"embeddable":true,"href":"https:\/\/mundosonoro.org\/index.php?rest_route=\/wp\/v2\/media\/1372"}],"wp:attachment":[{"href":"https:\/\/mundosonoro.org\/index.php?rest_route=%2Fwp%2Fv2%2Fmedia&parent=1446"}],"curies":[{"name":"wp","href":"https:\/\/api.w.org\/{rel}","templated":true}]}}