{"id":18,"date":"2022-03-12T10:51:27","date_gmt":"2022-03-12T15:51:27","guid":{"rendered":"https:\/\/mundosonoro.org\/?page_id=18"},"modified":"2022-03-18T14:51:54","modified_gmt":"2022-03-18T19:51:54","slug":"quienes-somos","status":"publish","type":"page","link":"https:\/\/mundosonoro.org\/?page_id=18","title":{"rendered":"Quienes Somos"},"content":{"rendered":"\n<div class=\"wp-block-group\"><div class=\"wp-block-group__inner-container is-layout-flow wp-block-group-is-layout-flow\">\n<div class=\"wp-block-columns is-layout-flex wp-container-core-columns-is-layout-9d6595d7 wp-block-columns-is-layout-flex\">\n<div class=\"wp-block-column has-white-background-color has-background is-layout-flow wp-block-column-is-layout-flow\">\n<p class=\"has-small-font-size\" style=\"font-style:normal;font-weight:500;letter-spacing:1px\">La Colecci\u00f3n Mundo Sonoro es una entidad museal especializada en instrumentos musicales de Colombia y el mundo, liderada por la ONG Cantatierra en la ciudad de Ibagu\u00e9, Colombia. Mundo Sonoro colecciona, conserva, exhibe y difunde patrimonio organol\u00f3gico musical tanto etnogr\u00e1fico como hist\u00f3rico, representado en cerca de 250 instrumentos musicales de diversas culturas. Desde su creaci\u00f3n en 199X ha exhibido dicha colecci\u00f3n de manera itinerante en centros culturales y educativos de la ciudad como el Museo de Arte del Tolima. Es miembro de la Red Departamental del Museos del Tolima y del Sistema de informaci\u00f3n de Museos Colombianos SIMCO.<\/p>\n<\/div>\n<\/div>\n<\/div><\/div>\n\n\n\n<div class=\"wp-block-columns is-layout-flex wp-container-core-columns-is-layout-9d6595d7 wp-block-columns-is-layout-flex\">\n<div class=\"wp-block-column is-layout-flow wp-block-column-is-layout-flow\">\n<div class=\"wp-block-image\"><figure class=\"aligncenter size-large is-resized\"><img loading=\"lazy\" decoding=\"async\" src=\"https:\/\/mundosonoro.org\/wp-content\/uploads\/2022\/03\/cheqere-736x1024.jpg\" alt=\"\" class=\"wp-image-166\" width=\"158\" height=\"219\" srcset=\"https:\/\/mundosonoro.org\/wp-content\/uploads\/2022\/03\/cheqere-736x1024.jpg 736w, https:\/\/mundosonoro.org\/wp-content\/uploads\/2022\/03\/cheqere-215x300.jpg 215w, https:\/\/mundosonoro.org\/wp-content\/uploads\/2022\/03\/cheqere-768x1069.jpg 768w, https:\/\/mundosonoro.org\/wp-content\/uploads\/2022\/03\/cheqere-1103x1536.jpg 1103w, https:\/\/mundosonoro.org\/wp-content\/uploads\/2022\/03\/cheqere-1471x2048.jpg 1471w, https:\/\/mundosonoro.org\/wp-content\/uploads\/2022\/03\/cheqere-scaled.jpg 1839w\" sizes=\"auto, (max-width: 158px) 100vw, 158px\" \/><\/figure><\/div>\n<\/div>\n\n\n\n<div class=\"wp-block-column is-layout-flow wp-block-column-is-layout-flow\">\n<div class=\"wp-block-image\"><figure class=\"aligncenter size-large is-resized\"><img loading=\"lazy\" decoding=\"async\" src=\"https:\/\/mundosonoro.org\/wp-content\/uploads\/2022\/03\/Origoct-645-5-scaled-e1647385386201-963x1024.jpg\" alt=\"\" class=\"wp-image-158\" width=\"215\" height=\"227\"\/><\/figure><\/div>\n<\/div>\n<\/div>\n","protected":false},"excerpt":{"rendered":"<p>La Colecci\u00f3n Mundo Sonoro es una entidad museal especializada en instrumentos musicales de Colombia y el mundo, liderada por la ONG Cantatierra en la ciudad de Ibagu\u00e9, Colombia. Mundo Sonoro&hellip;<\/p>\n","protected":false},"author":1,"featured_media":81,"parent":0,"menu_order":0,"comment_status":"closed","ping_status":"closed","template":"","meta":{"footnotes":""},"class_list":["post-18","page","type-page","status-publish","has-post-thumbnail","hentry"],"_links":{"self":[{"href":"https:\/\/mundosonoro.org\/index.php?rest_route=\/wp\/v2\/pages\/18","targetHints":{"allow":["GET"]}}],"collection":[{"href":"https:\/\/mundosonoro.org\/index.php?rest_route=\/wp\/v2\/pages"}],"about":[{"href":"https:\/\/mundosonoro.org\/index.php?rest_route=\/wp\/v2\/types\/page"}],"author":[{"embeddable":true,"href":"https:\/\/mundosonoro.org\/index.php?rest_route=\/wp\/v2\/users\/1"}],"replies":[{"embeddable":true,"href":"https:\/\/mundosonoro.org\/index.php?rest_route=%2Fwp%2Fv2%2Fcomments&post=18"}],"version-history":[{"count":48,"href":"https:\/\/mundosonoro.org\/index.php?rest_route=\/wp\/v2\/pages\/18\/revisions"}],"predecessor-version":[{"id":318,"href":"https:\/\/mundosonoro.org\/index.php?rest_route=\/wp\/v2\/pages\/18\/revisions\/318"}],"wp:featuredmedia":[{"embeddable":true,"href":"https:\/\/mundosonoro.org\/index.php?rest_route=\/wp\/v2\/media\/81"}],"wp:attachment":[{"href":"https:\/\/mundosonoro.org\/index.php?rest_route=%2Fwp%2Fv2%2Fmedia&parent=18"}],"curies":[{"name":"wp","href":"https:\/\/api.w.org\/{rel}","templated":true}]}}