{"id":20,"date":"2022-03-12T10:51:27","date_gmt":"2022-03-12T15:51:27","guid":{"rendered":"https:\/\/mundosonoro.org\/?page_id=20"},"modified":"2022-03-18T13:19:47","modified_gmt":"2022-03-18T18:19:47","slug":"programas","status":"publish","type":"page","link":"https:\/\/mundosonoro.org\/?page_id=20","title":{"rendered":"Programas"},"content":{"rendered":"\n<div class=\"wp-block-columns is-layout-flex wp-container-core-columns-is-layout-9d6595d7 wp-block-columns-is-layout-flex\">\n<div class=\"wp-block-column is-layout-flow wp-block-column-is-layout-flow\">\n<h3 class=\"has-text-align-center wp-block-heading\">Conservaci\u00f3n<\/h3>\n\n\n\n<div class=\"wp-block-media-text alignwide has-media-on-the-right is-stacked-on-mobile\" style=\"grid-template-columns:auto 30%\"><figure class=\"wp-block-media-text__media\"><img loading=\"lazy\" decoding=\"async\" width=\"963\" height=\"1024\" src=\"https:\/\/mundosonoro.org\/wp-content\/uploads\/2022\/03\/Origoct-645-5-scaled-e1647385386201-963x1024.jpg\" alt=\"\" class=\"wp-image-158 size-full\" srcset=\"https:\/\/mundosonoro.org\/wp-content\/uploads\/2022\/03\/Origoct-645-5-scaled-e1647385386201-963x1024.jpg 963w, https:\/\/mundosonoro.org\/wp-content\/uploads\/2022\/03\/Origoct-645-5-scaled-e1647385386201-282x300.jpg 282w, https:\/\/mundosonoro.org\/wp-content\/uploads\/2022\/03\/Origoct-645-5-scaled-e1647385386201-768x817.jpg 768w, https:\/\/mundosonoro.org\/wp-content\/uploads\/2022\/03\/Origoct-645-5-scaled-e1647385386201-1444x1536.jpg 1444w, https:\/\/mundosonoro.org\/wp-content\/uploads\/2022\/03\/Origoct-645-5-scaled-e1647385386201.jpg 1600w\" sizes=\"auto, (max-width: 963px) 100vw, 963px\" \/><\/figure><div class=\"wp-block-media-text__content\">\n<p class=\"has-text-align-center has-small-font-size\" style=\"font-style:normal;font-weight:400\">La Colecci\u00f3n&nbsp; Mundo Sonoro se acoge a las normas internacionales del ICOM respecto a sus pol\u00edticas de conservaci\u00f3n que garantizan el protocolo de manejo, control ambiental y conservaci\u00f3n preventiva de cada una de las piezas de la colecci\u00f3n. Para ello la entidad cuenta con luthiers y personal t\u00e9cnico de apoyo. En cuanto al registro de piezas para su catalogaci\u00f3n y estudio&nbsp; se cuenta con el apoyo del Ministerio de Cultura y el Programa Nacional de Fortalecimiento de Museos del Museo Nacional a trav\u00e9s del Software Colecciones Colombianas<\/p>\n<\/div><\/div>\n<\/div>\n<\/div>\n\n\n\n<h3 class=\"has-text-align-center wp-block-heading\">DIVULGACI\u00d3N<\/h3>\n\n\n\n<div class=\"wp-block-media-text alignwide is-stacked-on-mobile\" style=\"grid-template-columns:45% auto\"><figure class=\"wp-block-media-text__media\"><img loading=\"lazy\" decoding=\"async\" width=\"1024\" height=\"546\" src=\"https:\/\/mundosonoro.org\/wp-content\/uploads\/2022\/03\/guia2-1024x546.jpg\" alt=\"\" class=\"wp-image-164 size-full\" srcset=\"https:\/\/mundosonoro.org\/wp-content\/uploads\/2022\/03\/guia2-1024x546.jpg 1024w, https:\/\/mundosonoro.org\/wp-content\/uploads\/2022\/03\/guia2-300x160.jpg 300w, https:\/\/mundosonoro.org\/wp-content\/uploads\/2022\/03\/guia2-768x409.jpg 768w, https:\/\/mundosonoro.org\/wp-content\/uploads\/2022\/03\/guia2-1536x819.jpg 1536w, https:\/\/mundosonoro.org\/wp-content\/uploads\/2022\/03\/guia2-2048x1091.jpg 2048w\" sizes=\"auto, (max-width: 1024px) 100vw, 1024px\" \/><\/figure><div class=\"wp-block-media-text__content\">\n<p class=\"has-small-font-size\" style=\"font-style:normal;font-weight:400\">La Colecci\u00f3n Mundo Sonoro desarrolla labores de divulgaci\u00f3n permanente de sus ejemplares desde la visita a su sede principal o mediante sus exposiciones itinerantes. La formaci\u00f3n de p\u00fablicos infantiles y juveniles ha sido uno de los principales logros de esta colecci\u00f3n que mediante convenios y solicitudes directas puede ser llevada a diferentes auditorios, universidades o centros culturales interesados en disfrutar de esta colecci\u00f3n \u00fanica.&nbsp;<\/p>\n\n\n\n<p class=\"has-small-font-size\" style=\"font-style:normal;font-weight:400\">La Colecci\u00f3n Mundo Sonoro desarrolla programas radiales, conciertos, conferencias y talleres sobre las culturas musicales de Colombia el mundo, en relaci\u00f3n a la interpretaci\u00f3n y construcci\u00f3n de instrumentos musicales \u00e9tnicos<\/p>\n<\/div><\/div>\n\n\n\n<h3 class=\"has-text-align-center wp-block-heading\">DONACIONES<\/h3>\n\n\n\n<div class=\"wp-block-media-text alignwide is-stacked-on-mobile\" style=\"grid-template-columns:31% auto\"><figure class=\"wp-block-media-text__media\"><img loading=\"lazy\" decoding=\"async\" width=\"736\" height=\"1024\" src=\"https:\/\/mundosonoro.org\/wp-content\/uploads\/2022\/03\/cheqere-736x1024.jpg\" alt=\"\" class=\"wp-image-166 size-full\" srcset=\"https:\/\/mundosonoro.org\/wp-content\/uploads\/2022\/03\/cheqere-736x1024.jpg 736w, https:\/\/mundosonoro.org\/wp-content\/uploads\/2022\/03\/cheqere-215x300.jpg 215w, https:\/\/mundosonoro.org\/wp-content\/uploads\/2022\/03\/cheqere-768x1069.jpg 768w, https:\/\/mundosonoro.org\/wp-content\/uploads\/2022\/03\/cheqere-1103x1536.jpg 1103w, https:\/\/mundosonoro.org\/wp-content\/uploads\/2022\/03\/cheqere-1471x2048.jpg 1471w, https:\/\/mundosonoro.org\/wp-content\/uploads\/2022\/03\/cheqere-scaled.jpg 1839w\" sizes=\"auto, (max-width: 736px) 100vw, 736px\" \/><\/figure><div class=\"wp-block-media-text__content\">\n<p class=\"has-small-font-size\" style=\"font-style:normal;font-weight:400\"><strong>&nbsp;<\/strong>Mundo Sonoro es una colecci\u00f3n abierta al p\u00fablico, con fines culturales. De esta manera es pol\u00edtica de la entidad museal recibir instrumentos de inter\u00e9s etnogr\u00e1fico o hist\u00f3rico en donaci\u00f3n, siempre y cuando sean pertinentes a las tem\u00e1ticas de la Colecci\u00f3n. Mundo Sonoro reconoce y agradece a los innumerables amigos y colaboradores que durante estos a\u00f1os han realizado donaci\u00f3n de instrumentos a la Colecci\u00f3n.<\/p>\n<\/div><\/div>\n","protected":false},"excerpt":{"rendered":"<p>Conservaci\u00f3n y divulgaci\u00f3n del patrimonio musical del mundo a trav\u00e9s de la historia que cuentan sus instrumentos<\/p>\n","protected":false},"author":1,"featured_media":143,"parent":0,"menu_order":0,"comment_status":"closed","ping_status":"closed","template":"page-templates\/fullwidth.php","meta":{"footnotes":""},"class_list":["post-20","page","type-page","status-publish","has-post-thumbnail","hentry"],"_links":{"self":[{"href":"https:\/\/mundosonoro.org\/index.php?rest_route=\/wp\/v2\/pages\/20","targetHints":{"allow":["GET"]}}],"collection":[{"href":"https:\/\/mundosonoro.org\/index.php?rest_route=\/wp\/v2\/pages"}],"about":[{"href":"https:\/\/mundosonoro.org\/index.php?rest_route=\/wp\/v2\/types\/page"}],"author":[{"embeddable":true,"href":"https:\/\/mundosonoro.org\/index.php?rest_route=\/wp\/v2\/users\/1"}],"replies":[{"embeddable":true,"href":"https:\/\/mundosonoro.org\/index.php?rest_route=%2Fwp%2Fv2%2Fcomments&post=20"}],"version-history":[{"count":11,"href":"https:\/\/mundosonoro.org\/index.php?rest_route=\/wp\/v2\/pages\/20\/revisions"}],"predecessor-version":[{"id":218,"href":"https:\/\/mundosonoro.org\/index.php?rest_route=\/wp\/v2\/pages\/20\/revisions\/218"}],"wp:featuredmedia":[{"embeddable":true,"href":"https:\/\/mundosonoro.org\/index.php?rest_route=\/wp\/v2\/media\/143"}],"wp:attachment":[{"href":"https:\/\/mundosonoro.org\/index.php?rest_route=%2Fwp%2Fv2%2Fmedia&parent=20"}],"curies":[{"name":"wp","href":"https:\/\/api.w.org\/{rel}","templated":true}]}}