{"id":240,"date":"2022-03-18T13:46:37","date_gmt":"2022-03-18T18:46:37","guid":{"rendered":"https:\/\/mundosonoro.org\/?page_id=240"},"modified":"2022-03-18T14:56:42","modified_gmt":"2022-03-18T19:56:42","slug":"objetivos","status":"publish","type":"page","link":"https:\/\/mundosonoro.org\/?page_id=240","title":{"rendered":"Objetivo General"},"content":{"rendered":"\n<p class=\"has-small-font-size\" style=\"font-style:normal;font-weight:500;letter-spacing:1px\">Contribuir a la apropiaci\u00f3n social del patrimonio instrumental musical de Colombia y el mundo, mediante la generaci\u00f3n de espacios y actividades para la investigaci\u00f3n, el disfrute y la valoraci\u00f3n de&nbsp; las culturas musicales representadas en la colecci\u00f3n Mundo Sonoro.<\/p>\n\n\n\n<h4 class=\"has-text-align-center wp-block-heading\">Objetivos Espec\u00edficos<\/h4>\n\n\n\n<div class=\"wp-block-columns is-layout-flex wp-container-core-columns-is-layout-9d6595d7 wp-block-columns-is-layout-flex\">\n<div class=\"wp-block-column is-layout-flow wp-block-column-is-layout-flow\">\n<ul class=\"has-small-font-size wp-block-list\" style=\"font-style:normal;font-weight:500;letter-spacing:1px\"><li>Ofrecer al p\u00fablico visitante experiencias significativas en torno a la valoraci\u00f3n del patrimonio de los instrumentos musicales colombianos y del mundo.<\/li><\/ul>\n<\/div>\n\n\n\n<div class=\"wp-block-column is-layout-flow wp-block-column-is-layout-flow\">\n<ul class=\"has-small-font-size wp-block-list\" style=\"font-style:normal;font-weight:500;letter-spacing:1px\"><li>Fomentar la colecci\u00f3n, conservaci\u00f3n, investigaci\u00f3n y difusi\u00f3n de instrumentos musicales cuyo valor hist\u00f3rico o etnogr\u00e1fico representen un patrimonio cultural para la regi\u00f3n.<\/li><\/ul>\n<\/div>\n\n\n\n<div class=\"wp-block-column is-layout-flow wp-block-column-is-layout-flow\">\n<ul class=\"has-small-font-size wp-block-list\" style=\"font-style:normal;font-weight:500;letter-spacing:1px\"><li>Promover la formaci\u00f3n, la innovaci\u00f3n, producci\u00f3n y divulgaci\u00f3n de contenidos exposiciones y programas educativos en torno a la valoraci\u00f3n cultural de la colecci\u00f3n<\/li><\/ul>\n<\/div>\n<\/div>\n","protected":false},"excerpt":{"rendered":"<p>Contribuir a la apropiaci\u00f3n social del patrimonio instrumental musical de Colombia y el mundo, mediante la generaci\u00f3n de espacios y actividades para la investigaci\u00f3n, el disfrute y la valoraci\u00f3n de&nbsp;&hellip;<\/p>\n","protected":false},"author":1,"featured_media":203,"parent":0,"menu_order":0,"comment_status":"closed","ping_status":"closed","template":"","meta":{"footnotes":""},"class_list":["post-240","page","type-page","status-publish","has-post-thumbnail","hentry"],"_links":{"self":[{"href":"https:\/\/mundosonoro.org\/index.php?rest_route=\/wp\/v2\/pages\/240","targetHints":{"allow":["GET"]}}],"collection":[{"href":"https:\/\/mundosonoro.org\/index.php?rest_route=\/wp\/v2\/pages"}],"about":[{"href":"https:\/\/mundosonoro.org\/index.php?rest_route=\/wp\/v2\/types\/page"}],"author":[{"embeddable":true,"href":"https:\/\/mundosonoro.org\/index.php?rest_route=\/wp\/v2\/users\/1"}],"replies":[{"embeddable":true,"href":"https:\/\/mundosonoro.org\/index.php?rest_route=%2Fwp%2Fv2%2Fcomments&post=240"}],"version-history":[{"count":3,"href":"https:\/\/mundosonoro.org\/index.php?rest_route=\/wp\/v2\/pages\/240\/revisions"}],"predecessor-version":[{"id":324,"href":"https:\/\/mundosonoro.org\/index.php?rest_route=\/wp\/v2\/pages\/240\/revisions\/324"}],"wp:featuredmedia":[{"embeddable":true,"href":"https:\/\/mundosonoro.org\/index.php?rest_route=\/wp\/v2\/media\/203"}],"wp:attachment":[{"href":"https:\/\/mundosonoro.org\/index.php?rest_route=%2Fwp%2Fv2%2Fmedia&parent=240"}],"curies":[{"name":"wp","href":"https:\/\/api.w.org\/{rel}","templated":true}]}}