{"id":244,"date":"2022-03-18T13:52:32","date_gmt":"2022-03-18T18:52:32","guid":{"rendered":"https:\/\/mundosonoro.org\/?page_id=244"},"modified":"2025-02-25T10:19:27","modified_gmt":"2025-02-25T15:19:27","slug":"coleccion-mundo-sonoro","status":"publish","type":"page","link":"https:\/\/mundosonoro.org\/?page_id=244","title":{"rendered":"Colecci\u00f3n Mundo Sonoro"},"content":{"rendered":"\n<p><strong>Colecci\u00f3n Mundo Sonoro<\/strong><\/p>\n\n\n\n<p>La colecci\u00f3n Mundo Sonoro es una muestra \u00fanica de instrumentos musicales procedentes de diferentes culturas del mundo, contrastadas con la diversidad de los instrumentos tradicionales y populares colombianos. Se propone al visitante un di\u00e1logo est\u00e9tico que invita a\u00a0 recorrer un universo incomparable de formas, est\u00e9ticas y \u201csonidos humanamente organizados\u201d (Blacking, 2003) que impactan al observador al contemplar en un solo espacio la inagotable creatividad humana para transformar los materiales de su entorno natural y cultural en diferentes \u00e9pocas de la historia.<br><br><br><\/p>\n\n\n\n<figure class=\"wp-block-image size-large\"><img loading=\"lazy\" decoding=\"async\" width=\"1024\" height=\"1010\" src=\"https:\/\/mundosonoro.org\/wp-content\/uploads\/2024\/06\/Visitantes-2-1024x1010.jpg\" alt=\"\" class=\"wp-image-1233\" srcset=\"https:\/\/mundosonoro.org\/wp-content\/uploads\/2024\/06\/Visitantes-2-1024x1010.jpg 1024w, https:\/\/mundosonoro.org\/wp-content\/uploads\/2024\/06\/Visitantes-2-300x296.jpg 300w, https:\/\/mundosonoro.org\/wp-content\/uploads\/2024\/06\/Visitantes-2-768x758.jpg 768w, https:\/\/mundosonoro.org\/wp-content\/uploads\/2024\/06\/Visitantes-2-1536x1515.jpg 1536w, https:\/\/mundosonoro.org\/wp-content\/uploads\/2024\/06\/Visitantes-2-2048x2021.jpg 2048w, https:\/\/mundosonoro.org\/wp-content\/uploads\/2024\/06\/Visitantes-2-12x12.jpg 12w\" sizes=\"auto, (max-width: 1024px) 100vw, 1024px\" \/><\/figure>\n\n\n\n<h3 class=\"wp-block-heading\">Or\u00edgenes<\/h3>\n\n\n\n<h4 class=\"wp-block-heading\"><strong>Culturas musicales de \u00c1frica y Oriente<\/strong><\/h4>\n\n\n\n<div class=\"wp-block-media-text alignwide is-stacked-on-mobile\" style=\"grid-template-columns:35% auto\"><figure class=\"wp-block-media-text__media\"><img loading=\"lazy\" decoding=\"async\" width=\"960\" height=\"720\" src=\"https:\/\/mundosonoro.org\/wp-content\/uploads\/2022\/03\/ORIGEN.png\" alt=\"\" class=\"wp-image-143 size-full\" srcset=\"https:\/\/mundosonoro.org\/wp-content\/uploads\/2022\/03\/ORIGEN.png 960w, https:\/\/mundosonoro.org\/wp-content\/uploads\/2022\/03\/ORIGEN-300x225.png 300w, https:\/\/mundosonoro.org\/wp-content\/uploads\/2022\/03\/ORIGEN-768x576.png 768w\" sizes=\"auto, (max-width: 960px) 100vw, 960px\" \/><\/figure><div class=\"wp-block-media-text__content\">\n<p class=\"has-small-font-size\">Presenta al visitante las m\u00e1s antiguas tradiciones de la humanidad en su contacto con la m\u00fasica, a trav\u00e9s de instrumentos nativos de \u00c1frica y Oriente en los que se aprecian los fundamentos de las Primeras civilizaciones Avanzadas.&nbsp; Instrumentos: Tambores, percutores, violines y laudes primitivos, oboes y trompetas naturales<\/p>\n<\/div><\/div>\n\n\n\n<div class=\"wp-block-columns is-layout-flex wp-container-core-columns-is-layout-9d6595d7 wp-block-columns-is-layout-flex\">\n<div class=\"wp-block-column is-layout-flow wp-block-column-is-layout-flow\">\n<h3 class=\"wp-block-heading\">Legados musicales Ancestrales<\/h3>\n\n\n\n<h4 class=\"wp-block-heading\"><strong> Am\u00e9rica ind\u00edgena y aporte africano en Am\u00e9rica<\/strong><\/h4>\n<\/div>\n<\/div>\n\n\n\n<div class=\"wp-block-media-text alignwide has-media-on-the-right is-stacked-on-mobile\"><div class=\"wp-block-media-text__content\">\n<p class=\"has-small-font-size\">Las sociedades indoamericanas representan un patrimonio inconfundible de resistencia a la colonizaci\u00f3n europea. Sus cantos y danzas soportadas en una infinidad de objetos sonoros indican la importancia de la m\u00fasica en la construcci\u00f3n de sus sociedades y rituales.&nbsp; Instrumentos: Cascabeles, silbatos de arcilla, bastones y percutores, flautas y clarinetes primitivos.<\/p>\n<\/div><figure class=\"wp-block-media-text__media\"><img loading=\"lazy\" decoding=\"async\" width=\"1024\" height=\"683\" src=\"https:\/\/mundosonoro.org\/wp-content\/uploads\/2022\/03\/America-Nativos-3-1024x683.png\" alt=\"\" class=\"wp-image-144 size-full\" srcset=\"https:\/\/mundosonoro.org\/wp-content\/uploads\/2022\/03\/America-Nativos-3-1024x683.png 1024w, https:\/\/mundosonoro.org\/wp-content\/uploads\/2022\/03\/America-Nativos-3-300x200.png 300w, https:\/\/mundosonoro.org\/wp-content\/uploads\/2022\/03\/America-Nativos-3-768x512.png 768w, https:\/\/mundosonoro.org\/wp-content\/uploads\/2022\/03\/America-Nativos-3.png 1080w\" sizes=\"auto, (max-width: 1024px) 100vw, 1024px\" \/><\/figure><\/div>\n\n\n\n<h3 class=\"wp-block-heading\">Culturas y Destinos Sonoros<\/h3>\n\n\n\n<h4 class=\"wp-block-heading\"><strong> Europa y su aporte musical universal<\/strong><\/h4>\n\n\n\n<div class=\"wp-block-media-text alignwide is-stacked-on-mobile\" style=\"grid-template-columns:23% auto\"><figure class=\"wp-block-media-text__media\"><img loading=\"lazy\" decoding=\"async\" width=\"452\" height=\"718\" src=\"https:\/\/mundosonoro.org\/wp-content\/uploads\/2022\/03\/Post-2-1.png\" alt=\"\" class=\"wp-image-145 size-full\" srcset=\"https:\/\/mundosonoro.org\/wp-content\/uploads\/2022\/03\/Post-2-1.png 452w, https:\/\/mundosonoro.org\/wp-content\/uploads\/2022\/03\/Post-2-1-189x300.png 189w\" sizes=\"auto, (max-width: 452px) 100vw, 452px\" \/><\/figure><div class=\"wp-block-media-text__content\">\n<p class=\"has-small-font-size\">El desarrollo de la m\u00fasica occidental es el resultado de la fusi\u00f3n de m\u00faltiples civilizaciones y periodos hist\u00f3ricos. Las m\u00e1s avanzadas tradiciones est\u00e9ticas y culturales han aportado a la transformaci\u00f3n y refinamiento de los instrumentos musicales como objetos de arte y el reconocimiento de constructores de renombre y tradici\u00f3n a lo largo de su historia:<\/p>\n\n\n\n<p class=\"has-small-font-size\">Instrumentos: Arpas, guitarras, c\u00edtaras, flautas, percusi\u00f3n , trompetas.<\/p>\n<\/div><\/div>\n\n\n\n<h3 class=\"wp-block-heading\"><strong>C<\/strong>olombia<\/h3>\n\n\n\n<h4 class=\"wp-block-heading\"><strong>Memoria sonora y diversidad Musical<\/strong><\/h4>\n\n\n\n<div class=\"wp-block-media-text alignwide has-media-on-the-right is-stacked-on-mobile\"><div class=\"wp-block-media-text__content\">\n<p class=\"has-small-font-size\">Esta secci\u00f3n es particularmente amplia dentro de la exposici\u00f3n por ser el pa\u00eds anfitri\u00f3n de toda la muestra. Se divide respectivamente en tres secciones:<em>Tradiciones ind\u00edgenas en Colombia, Culturas y aportes afro Caribe y Pac\u00edfico y <\/em>Colombia Andino \u2013llanera. Instrumentos: Tambores, marimbas, flautas, silbatos y bastones ind\u00edgenas, guitarras, tiples, arpas, percusiones campesinas.&nbsp;&nbsp;&nbsp;&nbsp;<\/p>\n\n\n\n<p class=\"has-small-font-size\"><\/p>\n<\/div><figure class=\"wp-block-media-text__media\"><img loading=\"lazy\" decoding=\"async\" width=\"504\" height=\"720\" src=\"https:\/\/mundosonoro.org\/wp-content\/uploads\/2022\/03\/Foto-2-1.png\" alt=\"\" class=\"wp-image-146 size-full\" srcset=\"https:\/\/mundosonoro.org\/wp-content\/uploads\/2022\/03\/Foto-2-1.png 504w, https:\/\/mundosonoro.org\/wp-content\/uploads\/2022\/03\/Foto-2-1-210x300.png 210w\" sizes=\"auto, (max-width: 504px) 100vw, 504px\" \/><\/figure><\/div>\n","protected":false},"excerpt":{"rendered":"<p>Colecci\u00f3n Mundo Sonoro La colecci\u00f3n Mundo Sonoro es una muestra \u00fanica de instrumentos musicales procedentes de diferentes culturas del mundo, contrastadas con la diversidad de los instrumentos tradicionales y populares&hellip;<\/p>\n","protected":false},"author":1,"featured_media":131,"parent":0,"menu_order":0,"comment_status":"closed","ping_status":"closed","template":"","meta":{"footnotes":""},"class_list":["post-244","page","type-page","status-publish","has-post-thumbnail","hentry"],"_links":{"self":[{"href":"https:\/\/mundosonoro.org\/index.php?rest_route=\/wp\/v2\/pages\/244","targetHints":{"allow":["GET"]}}],"collection":[{"href":"https:\/\/mundosonoro.org\/index.php?rest_route=\/wp\/v2\/pages"}],"about":[{"href":"https:\/\/mundosonoro.org\/index.php?rest_route=\/wp\/v2\/types\/page"}],"author":[{"embeddable":true,"href":"https:\/\/mundosonoro.org\/index.php?rest_route=\/wp\/v2\/users\/1"}],"replies":[{"embeddable":true,"href":"https:\/\/mundosonoro.org\/index.php?rest_route=%2Fwp%2Fv2%2Fcomments&post=244"}],"version-history":[{"count":8,"href":"https:\/\/mundosonoro.org\/index.php?rest_route=\/wp\/v2\/pages\/244\/revisions"}],"predecessor-version":[{"id":1436,"href":"https:\/\/mundosonoro.org\/index.php?rest_route=\/wp\/v2\/pages\/244\/revisions\/1436"}],"wp:featuredmedia":[{"embeddable":true,"href":"https:\/\/mundosonoro.org\/index.php?rest_route=\/wp\/v2\/media\/131"}],"wp:attachment":[{"href":"https:\/\/mundosonoro.org\/index.php?rest_route=%2Fwp%2Fv2%2Fmedia&parent=244"}],"curies":[{"name":"wp","href":"https:\/\/api.w.org\/{rel}","templated":true}]}}