{"id":250,"date":"2022-03-18T13:53:18","date_gmt":"2022-03-18T18:53:18","guid":{"rendered":"https:\/\/mundosonoro.org\/?page_id=250"},"modified":"2023-06-08T14:19:42","modified_gmt":"2023-06-08T19:19:42","slug":"investigacion","status":"publish","type":"page","link":"https:\/\/mundosonoro.org\/?page_id=250","title":{"rendered":"Investigaci\u00f3n"},"content":{"rendered":"\n<h3 class=\"wp-block-heading\"><strong><em>CEIM Centro de investigaci\u00f3n&nbsp; y Estudios interculturales en m\u00fasica<\/em><\/strong><\/h3>\n\n\n\n<p><strong> <\/strong>Grupo acad\u00e9mico de investigaci\u00f3n que busca establecer intercambios y trabajos colaborativos con investigadores, music\u00f3logos, coleccionistas para documentar la colecci\u00f3n en relaci\u00f3n a proyectos afines.&nbsp;<\/p>\n\n\n\n<h3 class=\"wp-block-heading\"><strong><em>Tienda del Museo:<\/em><\/strong><\/h3>\n\n\n\n<p> Para los visitantes&nbsp; la Sede de Mundo Sonoro cuenta con una oferta variada de productos como r\u00e9plicas de instrumentos aut\u00f3ctonos, miniaturas, posters y recordatorios de su visita.&nbsp;<\/p>\n","protected":false},"excerpt":{"rendered":"<p>CEIM Centro de investigaci\u00f3n&nbsp; y Estudios interculturales en m\u00fasica Grupo acad\u00e9mico de investigaci\u00f3n que busca establecer intercambios y trabajos colaborativos con investigadores, music\u00f3logos, coleccionistas para documentar la colecci\u00f3n en relaci\u00f3n&hellip;<\/p>\n","protected":false},"author":1,"featured_media":0,"parent":0,"menu_order":0,"comment_status":"closed","ping_status":"closed","template":"","meta":{"footnotes":""},"class_list":["post-250","page","type-page","status-publish","hentry"],"_links":{"self":[{"href":"https:\/\/mundosonoro.org\/index.php?rest_route=\/wp\/v2\/pages\/250","targetHints":{"allow":["GET"]}}],"collection":[{"href":"https:\/\/mundosonoro.org\/index.php?rest_route=\/wp\/v2\/pages"}],"about":[{"href":"https:\/\/mundosonoro.org\/index.php?rest_route=\/wp\/v2\/types\/page"}],"author":[{"embeddable":true,"href":"https:\/\/mundosonoro.org\/index.php?rest_route=\/wp\/v2\/users\/1"}],"replies":[{"embeddable":true,"href":"https:\/\/mundosonoro.org\/index.php?rest_route=%2Fwp%2Fv2%2Fcomments&post=250"}],"version-history":[{"count":3,"href":"https:\/\/mundosonoro.org\/index.php?rest_route=\/wp\/v2\/pages\/250\/revisions"}],"predecessor-version":[{"id":757,"href":"https:\/\/mundosonoro.org\/index.php?rest_route=\/wp\/v2\/pages\/250\/revisions\/757"}],"wp:attachment":[{"href":"https:\/\/mundosonoro.org\/index.php?rest_route=%2Fwp%2Fv2%2Fmedia&parent=250"}],"curies":[{"name":"wp","href":"https:\/\/api.w.org\/{rel}","templated":true}]}}