{"id":253,"date":"2022-03-18T13:53:30","date_gmt":"2022-03-18T18:53:30","guid":{"rendered":"https:\/\/mundosonoro.org\/?page_id=253"},"modified":"2023-06-08T14:20:15","modified_gmt":"2023-06-08T19:20:15","slug":"documentacion-musical","status":"publish","type":"page","link":"https:\/\/mundosonoro.org\/?page_id=253","title":{"rendered":"Documentaci\u00f3n Musical"},"content":{"rendered":"\n<h3 class=\"wp-block-heading\"><strong><em>Centro de Documentaci\u00f3n musical<\/em><\/strong><em>:<\/em><\/h3>\n\n\n\n<p>El Centro de Documentaci\u00f3n de Mundo Sonoro cuenta con una peque\u00f1a biblioteca especializada en m\u00fasicas tradicionales y organolog\u00eda de Colombia y el mundo, as\u00ed mismo conserva archivos sonoros en acetatos, cassettes y formatos digitales referentes a las pr\u00e1cticas culturales de los instrumentos que se exhiben en la colecci\u00f3n. Dichos materiales, as\u00ed\u00a0 como la colecci\u00f3n misma de instrumentos sirven de soporte a los programas de formaci\u00f3n de semilleros y p\u00fablicos infantiles y juveniles.\u00a0<\/p>\n","protected":false},"excerpt":{"rendered":"<p>Centro de Documentaci\u00f3n musical: El Centro de Documentaci\u00f3n de Mundo Sonoro cuenta con una peque\u00f1a biblioteca especializada en m\u00fasicas tradicionales y organolog\u00eda de Colombia y el mundo, as\u00ed mismo conserva&hellip;<\/p>\n","protected":false},"author":1,"featured_media":0,"parent":0,"menu_order":0,"comment_status":"closed","ping_status":"closed","template":"","meta":{"footnotes":""},"class_list":["post-253","page","type-page","status-publish","hentry"],"_links":{"self":[{"href":"https:\/\/mundosonoro.org\/index.php?rest_route=\/wp\/v2\/pages\/253","targetHints":{"allow":["GET"]}}],"collection":[{"href":"https:\/\/mundosonoro.org\/index.php?rest_route=\/wp\/v2\/pages"}],"about":[{"href":"https:\/\/mundosonoro.org\/index.php?rest_route=\/wp\/v2\/types\/page"}],"author":[{"embeddable":true,"href":"https:\/\/mundosonoro.org\/index.php?rest_route=\/wp\/v2\/users\/1"}],"replies":[{"embeddable":true,"href":"https:\/\/mundosonoro.org\/index.php?rest_route=%2Fwp%2Fv2%2Fcomments&post=253"}],"version-history":[{"count":3,"href":"https:\/\/mundosonoro.org\/index.php?rest_route=\/wp\/v2\/pages\/253\/revisions"}],"predecessor-version":[{"id":759,"href":"https:\/\/mundosonoro.org\/index.php?rest_route=\/wp\/v2\/pages\/253\/revisions\/759"}],"wp:attachment":[{"href":"https:\/\/mundosonoro.org\/index.php?rest_route=%2Fwp%2Fv2%2Fmedia&parent=253"}],"curies":[{"name":"wp","href":"https:\/\/api.w.org\/{rel}","templated":true}]}}