{"id":346,"date":"2022-05-02T15:49:19","date_gmt":"2022-05-02T20:49:19","guid":{"rendered":"https:\/\/mundosonoro.org\/?page_id=346"},"modified":"2025-05-19T10:40:50","modified_gmt":"2025-05-19T15:40:50","slug":"imagenes-audio","status":"publish","type":"page","link":"https:\/\/mundosonoro.org\/?page_id=346","title":{"rendered":"SALA 1 COLOMBIA MUSICAL Y DIVERSA"},"content":{"rendered":"\n<figure class=\"wp-block-image size-full\"><img decoding=\"async\" src=\"https:\/\/mundosonoro.org\/wp-content\/uploads\/2022\/03\/cropped-Mundo-Sonoro-quienes-somos-2.png\" alt=\"\" class=\"wp-image-1171\"\/><\/figure>\n\n\n\n<figure class=\"wp-block-audio\"><audio  controls src=\"https:\/\/mundosonoro.org\/wp-content\/uploads\/2025\/05\/Audio-Guia-Sala-1.mp3\"><\/audio><\/figure>\n\n\n\n<p class=\"has-text-align-center has-bbp-black-100-color has-bbp-white-100-background-color has-text-color has-background has-link-color wp-elements-995030d13e83f3652b9bb0e5e0af1143\">La colecci\u00f3n Mundo Sonoro es una muestra \u00fanica de instrumentos musicales procedentes de diferentes culturas del mundo, contrastadas con la diversidad de los instrumentos tradicionales y populares colombianos. Se propone al visitante un di\u00e1logo est\u00e9tico que invita a&nbsp; recorrer un universo incomparable de formas, est\u00e9ticas y \u201csonidos humanamente organizados\u201d (Blacking, 2003) que impactan al observador al contemplar en un solo espacio la inagotable creatividad humana para transformar los materiales de su entorno natural y cultural en diferentes \u00e9pocas de la historia.&nbsp;<\/p>\n\n\n\n<p class=\"has-text-align-center has-bbp-black-100-color has-bbp-white-100-background-color has-text-color has-background has-link-color wp-elements-9ddfadf87c99d819af5c2e66351be277\"><br><br><br><br><br><\/p>\n","protected":false},"excerpt":{"rendered":"<p>La colecci\u00f3n Mundo Sonoro es una muestra \u00fanica de instrumentos musicales procedentes de diferentes culturas del mundo, contrastadas con la diversidad de los instrumentos tradicionales y populares colombianos. Se propone&hellip;<\/p>\n","protected":false},"author":1,"featured_media":0,"parent":0,"menu_order":0,"comment_status":"closed","ping_status":"closed","template":"","meta":{"footnotes":"[]"},"class_list":["post-346","page","type-page","status-publish","hentry"],"_links":{"self":[{"href":"https:\/\/mundosonoro.org\/index.php?rest_route=\/wp\/v2\/pages\/346","targetHints":{"allow":["GET"]}}],"collection":[{"href":"https:\/\/mundosonoro.org\/index.php?rest_route=\/wp\/v2\/pages"}],"about":[{"href":"https:\/\/mundosonoro.org\/index.php?rest_route=\/wp\/v2\/types\/page"}],"author":[{"embeddable":true,"href":"https:\/\/mundosonoro.org\/index.php?rest_route=\/wp\/v2\/users\/1"}],"replies":[{"embeddable":true,"href":"https:\/\/mundosonoro.org\/index.php?rest_route=%2Fwp%2Fv2%2Fcomments&post=346"}],"version-history":[{"count":79,"href":"https:\/\/mundosonoro.org\/index.php?rest_route=\/wp\/v2\/pages\/346\/revisions"}],"predecessor-version":[{"id":1624,"href":"https:\/\/mundosonoro.org\/index.php?rest_route=\/wp\/v2\/pages\/346\/revisions\/1624"}],"wp:attachment":[{"href":"https:\/\/mundosonoro.org\/index.php?rest_route=%2Fwp%2Fv2%2Fmedia&parent=346"}],"curies":[{"name":"wp","href":"https:\/\/api.w.org\/{rel}","templated":true}]}}