{"id":415,"date":"2022-05-04T16:48:45","date_gmt":"2022-05-04T21:48:45","guid":{"rendered":"https:\/\/mundosonoro.org\/?page_id=415"},"modified":"2023-08-10T19:00:22","modified_gmt":"2023-08-11T00:00:22","slug":"instrumentos","status":"publish","type":"page","link":"https:\/\/mundosonoro.org\/?page_id=415","title":{"rendered":"Instrumentos"},"content":{"rendered":"\n<h2 class=\"wp-block-heading\">Cien-Pies<\/h2>\n\n\n\n<div class=\"wp-block-media-text alignwide is-stacked-on-mobile\" style=\"grid-template-columns:28% auto\"><figure class=\"wp-block-media-text__media\"><img loading=\"lazy\" decoding=\"async\" width=\"768\" height=\"1024\" src=\"https:\/\/mundosonoro.org\/wp-content\/uploads\/2022\/05\/IMG_1427-768x1024.jpg\" alt=\"\" class=\"wp-image-425 size-full\" srcset=\"https:\/\/mundosonoro.org\/wp-content\/uploads\/2022\/05\/IMG_1427-768x1024.jpg 768w, https:\/\/mundosonoro.org\/wp-content\/uploads\/2022\/05\/IMG_1427-225x300.jpg 225w, https:\/\/mundosonoro.org\/wp-content\/uploads\/2022\/05\/IMG_1427-1152x1536.jpg 1152w, https:\/\/mundosonoro.org\/wp-content\/uploads\/2022\/05\/IMG_1427-1536x2048.jpg 1536w, https:\/\/mundosonoro.org\/wp-content\/uploads\/2022\/05\/IMG_1427-scaled.jpg 1920w\" sizes=\"auto, (max-width: 768px) 100vw, 768px\" \/><\/figure><div class=\"wp-block-media-text__content\">\n<p class=\"has-small-font-size\" style=\"font-style:normal;font-weight:300\">Sonaja ind\u00edgena de semillas&nbsp; de cobalonga y guadua tradicional de m\u00fasica de rajale\u00f1as del Tolima y Huila. Colombia.<\/p>\n\n\n\n<p class=\"has-small-font-size\" style=\"font-style:normal;font-weight:300\">Instrumento artesanal hecho a mano seg\u00fan tradici\u00f3n de origen Comunidad Avirama, andino. Regi\u00f3n Tolima-Huila, Colombia<\/p>\n\n\n\n<p class=\"has-small-font-size\" style=\"font-style:normal;font-weight:300\">Dimensiones: 37 x 7 cm.<\/p>\n\n\n\n<p class=\"has-small-font-size\" style=\"font-style:normal;font-weight:300\">Materiales: guadua, covalonga, algod\u00f3n.<\/p>\n\n\n\n<p class=\"has-small-font-size\" style=\"font-style:normal;font-weight:300\">C\u00f3digo # CMS-001<\/p>\n\n\n\n<p class=\"has-small-font-size\" style=\"font-style:normal;font-weight:300\"><\/p>\n<\/div><\/div>\n\n\n\n<h2 class=\"wp-block-heading\">Chucho<\/h2>\n\n\n\n<div class=\"wp-block-media-text alignwide is-stacked-on-mobile\" style=\"grid-template-columns:37% auto\"><figure class=\"wp-block-media-text__media\"><img loading=\"lazy\" decoding=\"async\" width=\"1024\" height=\"768\" src=\"https:\/\/mundosonoro.org\/wp-content\/uploads\/2022\/05\/CHUCHOS-1024x768.jpg\" alt=\"\" class=\"wp-image-429 size-full\" srcset=\"https:\/\/mundosonoro.org\/wp-content\/uploads\/2022\/05\/CHUCHOS-1024x768.jpg 1024w, https:\/\/mundosonoro.org\/wp-content\/uploads\/2022\/05\/CHUCHOS-300x225.jpg 300w, https:\/\/mundosonoro.org\/wp-content\/uploads\/2022\/05\/CHUCHOS-768x576.jpg 768w, https:\/\/mundosonoro.org\/wp-content\/uploads\/2022\/05\/CHUCHOS-1536x1152.jpg 1536w, https:\/\/mundosonoro.org\/wp-content\/uploads\/2022\/05\/CHUCHOS.jpg 1980w\" sizes=\"auto, (max-width: 1024px) 100vw, 1024px\" \/><\/figure><div class=\"wp-block-media-text__content\">\n<p class=\"has-small-font-size\">Sonajero artesanal tubular de guadua y semillas de chirilla. Instrumento tradicional andino colombiano de la regi\u00f3n del Tolima, Huila, Cundinamarca y Boyac\u00e1.<\/p>\n\n\n\n<p class=\"has-small-font-size\">Dimensiones: 28 \u2013 32 x 9 cm.<\/p>\n\n\n\n<p class=\"has-small-font-size\">Materiales: guadua, chirillas.<\/p>\n\n\n\n<p class=\"has-small-font-size\">C\u00f3digo # CMS-002<\/p>\n\n\n\n<p class=\"has-small-font-size\"><\/p>\n<\/div><\/div>\n\n\n\n<h2 class=\"wp-block-heading\">Esterilla<\/h2>\n\n\n\n<div class=\"wp-block-media-text alignwide is-stacked-on-mobile\" style=\"grid-template-columns:42% auto\"><figure class=\"wp-block-media-text__media\"><img loading=\"lazy\" decoding=\"async\" width=\"1024\" height=\"768\" src=\"https:\/\/mundosonoro.org\/wp-content\/uploads\/2022\/05\/IMG_1442-1024x768.jpg\" alt=\"\" class=\"wp-image-430 size-full\" srcset=\"https:\/\/mundosonoro.org\/wp-content\/uploads\/2022\/05\/IMG_1442-1024x768.jpg 1024w, https:\/\/mundosonoro.org\/wp-content\/uploads\/2022\/05\/IMG_1442-300x225.jpg 300w, https:\/\/mundosonoro.org\/wp-content\/uploads\/2022\/05\/IMG_1442-768x576.jpg 768w, https:\/\/mundosonoro.org\/wp-content\/uploads\/2022\/05\/IMG_1442-1536x1152.jpg 1536w, https:\/\/mundosonoro.org\/wp-content\/uploads\/2022\/05\/IMG_1442-2048x1536.jpg 2048w\" sizes=\"auto, (max-width: 1024px) 100vw, 1024px\" \/><\/figure><div class=\"wp-block-media-text__content\">\n<p class=\"has-small-font-size\">Sonaja mestiza andina de Colombia. Instrumento artesanal de fricci\u00f3n elaborado en carrizo y cabuya. Tradicional andino colombiano de la regi\u00f3n del Tolima, Huila, Cundinamarca y Boyac\u00e1.<\/p>\n\n\n\n<p class=\"has-small-font-size\">Dimensiones: 23x15cm.<\/p>\n\n\n\n<p class=\"has-small-font-size\">Materiales: bamb\u00fa, cord\u00f3n de algod\u00f3n.<\/p>\n\n\n\n<p class=\"has-small-font-size\">C\u00f3digo # CMS-003<\/p>\n\n\n\n<p class=\"has-small-font-size\"><\/p>\n<\/div><\/div>\n\n\n\n<h2 class=\"wp-block-heading\">Raspa de Mu\u00f1eca<\/h2>\n\n\n\n<div class=\"wp-block-media-text alignwide is-stacked-on-mobile\" style=\"grid-template-columns:31% auto\"><figure class=\"wp-block-media-text__media\"><img loading=\"lazy\" decoding=\"async\" width=\"768\" height=\"1024\" src=\"https:\/\/mundosonoro.org\/wp-content\/uploads\/2022\/05\/IMG_1462-768x1024.jpg\" alt=\"\" class=\"wp-image-431 size-full\" srcset=\"https:\/\/mundosonoro.org\/wp-content\/uploads\/2022\/05\/IMG_1462-768x1024.jpg 768w, https:\/\/mundosonoro.org\/wp-content\/uploads\/2022\/05\/IMG_1462-225x300.jpg 225w, https:\/\/mundosonoro.org\/wp-content\/uploads\/2022\/05\/IMG_1462-1152x1536.jpg 1152w, https:\/\/mundosonoro.org\/wp-content\/uploads\/2022\/05\/IMG_1462-1536x2048.jpg 1536w, https:\/\/mundosonoro.org\/wp-content\/uploads\/2022\/05\/IMG_1462-scaled.jpg 1920w\" sizes=\"auto, (max-width: 768px) 100vw, 768px\" \/><\/figure><div class=\"wp-block-media-text__content\">\n<p class=\"has-small-font-size\">Instrumento artesanal, Idi\u00f3fono de fricci\u00f3n elaborado en ca\u00f1a bamb\u00fa. Tradicional andino colombiano de la regi\u00f3n del Tolima, Huila, Cundinamarca y Boyac\u00e1.<\/p>\n\n\n\n<p class=\"has-small-font-size\">Idi\u00f3fono mestizo andino Colombiano<\/p>\n\n\n\n<p class=\"has-small-font-size\">Dimensiones: 50 c.m<\/p>\n\n\n\n<p class=\"has-small-font-size\">Materiales: bamb\u00fa, algod\u00f3n, tela, papel mach\u00e9.<\/p>\n\n\n\n<p class=\"has-small-font-size\">C\u00f3digo # CMS-004<\/p>\n\n\n\n<p class=\"has-small-font-size\"><\/p>\n<\/div><\/div>\n\n\n\n<h2 class=\"wp-block-heading\">Quribillo<\/h2>\n\n\n\n<div class=\"wp-block-media-text alignwide is-stacked-on-mobile\" style=\"grid-template-columns:41% auto\"><figure class=\"wp-block-media-text__media\"><img loading=\"lazy\" decoding=\"async\" width=\"1024\" height=\"768\" src=\"https:\/\/mundosonoro.org\/wp-content\/uploads\/2022\/05\/IMG_1446-1024x768.jpg\" alt=\"\" class=\"wp-image-434 size-full\" srcset=\"https:\/\/mundosonoro.org\/wp-content\/uploads\/2022\/05\/IMG_1446-1024x768.jpg 1024w, https:\/\/mundosonoro.org\/wp-content\/uploads\/2022\/05\/IMG_1446-300x225.jpg 300w, https:\/\/mundosonoro.org\/wp-content\/uploads\/2022\/05\/IMG_1446-768x576.jpg 768w, https:\/\/mundosonoro.org\/wp-content\/uploads\/2022\/05\/IMG_1446-1536x1152.jpg 1536w, https:\/\/mundosonoro.org\/wp-content\/uploads\/2022\/05\/IMG_1446-2048x1536.jpg 2048w\" sizes=\"auto, (max-width: 1024px) 100vw, 1024px\" \/><\/figure><div class=\"wp-block-media-text__content\">\n<p class=\"has-small-font-size\">Sonajero musical mestizo andino colombiano. Instrumento artesanal, Idi\u00f3fono de sacudimiento elaborado en ca\u00f1a bamb\u00fa y cuerdas de algod\u00f3n natural pintado. Tradicional andino colombiano de la regi\u00f3n de Cundinamarca y Boyac\u00e1.<\/p>\n\n\n\n<p class=\"has-small-font-size\">Dimensiones: 11 x 6 cm.<\/p>\n\n\n\n<p class=\"has-small-font-size\">Materiales:bamb\u00fa, cord\u00f3n de algod\u00f3n.<\/p>\n\n\n\n<p class=\"has-small-font-size\">C\u00f3digo # CMS-005<\/p>\n\n\n\n<p class=\"has-small-font-size\"><\/p>\n<\/div><\/div>\n\n\n\n<h2 class=\"wp-block-heading\">Gaitas San Jacinteras<\/h2>\n\n\n\n<div class=\"wp-block-media-text alignwide is-stacked-on-mobile\" style=\"grid-template-columns:29% auto\"><figure class=\"wp-block-media-text__media\"><img loading=\"lazy\" decoding=\"async\" width=\"768\" height=\"1024\" src=\"https:\/\/mundosonoro.org\/wp-content\/uploads\/2022\/05\/IMG_1475-768x1024.jpg\" alt=\"\" class=\"wp-image-436 size-full\" srcset=\"https:\/\/mundosonoro.org\/wp-content\/uploads\/2022\/05\/IMG_1475-768x1024.jpg 768w, https:\/\/mundosonoro.org\/wp-content\/uploads\/2022\/05\/IMG_1475-225x300.jpg 225w, https:\/\/mundosonoro.org\/wp-content\/uploads\/2022\/05\/IMG_1475-1152x1536.jpg 1152w, https:\/\/mundosonoro.org\/wp-content\/uploads\/2022\/05\/IMG_1475-1536x2048.jpg 1536w, https:\/\/mundosonoro.org\/wp-content\/uploads\/2022\/05\/IMG_1475-scaled.jpg 1920w\" sizes=\"auto, (max-width: 768px) 100vw, 768px\" \/><\/figure><div class=\"wp-block-media-text__content\">\n<p class=\"has-small-font-size\">Flautas campesinas (macho y hembra) caribe colombiano. Tradicionales de la m\u00fasica de cumbia del caribe Colombiano. Elaboradas artesanalmente en madera de card\u00f3n, y boquilla en cera de abejas y pluma de pato.<\/p>\n\n\n\n<p class=\"has-small-font-size\">Dimensiones: 75&nbsp; c.m<\/p>\n\n\n\n<p class=\"has-small-font-size\">Materiales: card\u00f3n, cera de abejas, carb\u00f3n, pluma de pato<\/p>\n\n\n\n<p class=\"has-small-font-size\">C\u00f3digo # CMS-007<\/p>\n\n\n\n<p class=\"has-small-font-size\"><\/p>\n<\/div><\/div>\n\n\n\n<h2 class=\"wp-block-heading\">Gaitas San Jacinteras Infantiles<\/h2>\n\n\n\n<div class=\"wp-block-media-text alignwide is-stacked-on-mobile\" style=\"grid-template-columns:21% auto\"><figure class=\"wp-block-media-text__media\"><img loading=\"lazy\" decoding=\"async\" width=\"636\" height=\"1024\" src=\"https:\/\/mundosonoro.org\/wp-content\/uploads\/2022\/05\/IMG_1581-scaled-e1651701871805-636x1024.jpg\" alt=\"\" class=\"wp-image-437 size-full\" srcset=\"https:\/\/mundosonoro.org\/wp-content\/uploads\/2022\/05\/IMG_1581-scaled-e1651701871805-636x1024.jpg 636w, https:\/\/mundosonoro.org\/wp-content\/uploads\/2022\/05\/IMG_1581-scaled-e1651701871805-186x300.jpg 186w, https:\/\/mundosonoro.org\/wp-content\/uploads\/2022\/05\/IMG_1581-scaled-e1651701871805-768x1236.jpg 768w, https:\/\/mundosonoro.org\/wp-content\/uploads\/2022\/05\/IMG_1581-scaled-e1651701871805-955x1536.jpg 955w, https:\/\/mundosonoro.org\/wp-content\/uploads\/2022\/05\/IMG_1581-scaled-e1651701871805-1273x2048.jpg 1273w, https:\/\/mundosonoro.org\/wp-content\/uploads\/2022\/05\/IMG_1581-scaled-e1651701871805.jpg 1555w\" sizes=\"auto, (max-width: 636px) 100vw, 636px\" \/><\/figure><div class=\"wp-block-media-text__content\">\n<p class=\"has-small-font-size\">Tradicionales de la m\u00fasica de cumbia del caribe Colombiano. Elaboradas artesanalmente en madera de card\u00f3n, y boquilla en cera de abejas y pluma de pato. Versi\u00f3n en tama\u00f1o infantil.<\/p>\n\n\n\n<p class=\"has-small-font-size\">Dimensiones: 35 cm.<\/p>\n\n\n\n<p class=\"has-small-font-size\">Materiales: card\u00f3n, cera de abejas, carb\u00f3n, pluma de pato<\/p>\n\n\n\n<p class=\"has-small-font-size\">C\u00f3digo # CMS-008 <\/p>\n\n\n\n<p class=\"has-small-font-size\"><\/p>\n<\/div><\/div>\n\n\n\n<h2 class=\"wp-block-heading\">Ca\u00f1a de Millo<\/h2>\n\n\n\n<div class=\"wp-block-media-text alignwide is-stacked-on-mobile\" style=\"grid-template-columns:31% auto\"><figure class=\"wp-block-media-text__media\"><img loading=\"lazy\" decoding=\"async\" width=\"768\" height=\"1024\" src=\"https:\/\/mundosonoro.org\/wp-content\/uploads\/2022\/05\/IMG_1466-768x1024.jpg\" alt=\"\" class=\"wp-image-439 size-full\" srcset=\"https:\/\/mundosonoro.org\/wp-content\/uploads\/2022\/05\/IMG_1466-768x1024.jpg 768w, https:\/\/mundosonoro.org\/wp-content\/uploads\/2022\/05\/IMG_1466-225x300.jpg 225w, https:\/\/mundosonoro.org\/wp-content\/uploads\/2022\/05\/IMG_1466-1152x1536.jpg 1152w, https:\/\/mundosonoro.org\/wp-content\/uploads\/2022\/05\/IMG_1466-1536x2048.jpg 1536w, https:\/\/mundosonoro.org\/wp-content\/uploads\/2022\/05\/IMG_1466-scaled.jpg 1920w\" sizes=\"auto, (max-width: 768px) 100vw, 768px\" \/><\/figure><div class=\"wp-block-media-text__content\">\n<p class=\"has-small-font-size\">Instrumento tradicional del caribe colombiano. Es un oboe natural elaborado en ca\u00f1a de millo con leng\u00fceta vibrante al soplo y orificios de digitaci\u00f3n.<\/p>\n\n\n\n<p class=\"has-small-font-size\">Dimensiones: 25 cm.<\/p>\n\n\n\n<p class=\"has-small-font-size\">Materiales: ca\u00f1a de millo o carrizo.<\/p>\n\n\n\n<p class=\"has-small-font-size\">C\u00f3digo # CMS-009<\/p>\n\n\n\n<p class=\"has-small-font-size\"><\/p>\n<\/div><\/div>\n\n\n\n<h2 class=\"wp-block-heading\">Viol\u00edn<\/h2>\n\n\n\n<div class=\"wp-block-media-text alignwide is-stacked-on-mobile\" style=\"grid-template-columns:36% auto\"><figure class=\"wp-block-media-text__media\"><img loading=\"lazy\" decoding=\"async\" width=\"1024\" height=\"768\" src=\"https:\/\/mundosonoro.org\/wp-content\/uploads\/2022\/05\/IMG_1591-1024x768.jpg\" alt=\"\" class=\"wp-image-440 size-full\" srcset=\"https:\/\/mundosonoro.org\/wp-content\/uploads\/2022\/05\/IMG_1591-1024x768.jpg 1024w, https:\/\/mundosonoro.org\/wp-content\/uploads\/2022\/05\/IMG_1591-300x225.jpg 300w, https:\/\/mundosonoro.org\/wp-content\/uploads\/2022\/05\/IMG_1591-768x576.jpg 768w, https:\/\/mundosonoro.org\/wp-content\/uploads\/2022\/05\/IMG_1591-1536x1152.jpg 1536w, https:\/\/mundosonoro.org\/wp-content\/uploads\/2022\/05\/IMG_1591-2048x1536.jpg 2048w\" sizes=\"auto, (max-width: 1024px) 100vw, 1024px\" \/><\/figure><div class=\"wp-block-media-text__content\">\n<p class=\"has-small-font-size\">Instrumento de estudio. Marca Greko. Instrumento de estudio. Ideal para la iniciaci\u00f3n infantil. Marca Greko. hecho en Colombia. Disponible en tama\u00f1os 1\/4; 2\/4; 3\/4 y 4\/4. Incluye arco, pes y estuche.<\/p>\n\n\n\n<p class=\"has-small-font-size\">Dimensiones:  4\/4&nbsp; 60 cm   &#8211;   3\/4&nbsp; 57 cm   &#8211;  1\/2&nbsp;&nbsp; 52 cm  &#8211;  \u00bc 47 cm.<\/p>\n\n\n\n<p class=\"has-small-font-size\">Materiales: cedro, pino.<\/p>\n\n\n\n<p class=\"has-small-font-size\">C\u00f3digo # CMS-010<\/p>\n\n\n\n<p class=\"has-small-font-size\"><\/p>\n<\/div><\/div>\n\n\n\n<p><\/p>\n\n\n\n<h2 class=\"wp-block-heading\">Sonajero Cobalonga<\/h2>\n\n\n\n<div class=\"wp-block-media-text alignwide is-stacked-on-mobile\" style=\"grid-template-columns:36% auto\"><figure class=\"wp-block-media-text__media\"><img loading=\"lazy\" decoding=\"async\" width=\"1024\" height=\"786\" src=\"https:\/\/mundosonoro.org\/wp-content\/uploads\/2022\/05\/IMG_1489-scaled-e1651702225174-1024x786.jpg\" alt=\"\" class=\"wp-image-442 size-full\" srcset=\"https:\/\/mundosonoro.org\/wp-content\/uploads\/2022\/05\/IMG_1489-scaled-e1651702225174-1024x786.jpg 1024w, https:\/\/mundosonoro.org\/wp-content\/uploads\/2022\/05\/IMG_1489-scaled-e1651702225174-300x230.jpg 300w, https:\/\/mundosonoro.org\/wp-content\/uploads\/2022\/05\/IMG_1489-scaled-e1651702225174-768x589.jpg 768w, https:\/\/mundosonoro.org\/wp-content\/uploads\/2022\/05\/IMG_1489-scaled-e1651702225174-1536x1179.jpg 1536w, https:\/\/mundosonoro.org\/wp-content\/uploads\/2022\/05\/IMG_1489-scaled-e1651702225174-2048x1572.jpg 2048w\" sizes=\"auto, (max-width: 1024px) 100vw, 1024px\" \/><\/figure><div class=\"wp-block-media-text__content\">\n<p class=\"has-small-font-size\">Juguete musical basado en los sonajeros tradicionales ind\u00edgenas colombianos. Elaborado artesanalmente con semillas cobalonga y randas de chumbe.<\/p>\n\n\n\n<p class=\"has-small-font-size\">Dimensiones: 20 c.m.<\/p>\n\n\n\n<p class=\"has-small-font-size\">Materiales: cobalongas, randa de algod\u00f3n.<\/p>\n\n\n\n<p class=\"has-small-font-size\">C\u00f3digo # CMS-011<\/p>\n\n\n\n<p class=\"has-small-font-size\"><\/p>\n<\/div><\/div>\n\n\n\n<h2 class=\"wp-block-heading\">Sonajero Congolo<\/h2>\n\n\n\n<div class=\"wp-block-media-text alignwide is-stacked-on-mobile\" style=\"grid-template-columns:42% auto\"><figure class=\"wp-block-media-text__media\"><img loading=\"lazy\" decoding=\"async\" width=\"1024\" height=\"768\" src=\"https:\/\/mundosonoro.org\/wp-content\/uploads\/2022\/05\/FIRISAI-CONGOLO-1024x768.jpg\" alt=\"\" class=\"wp-image-443 size-full\" srcset=\"https:\/\/mundosonoro.org\/wp-content\/uploads\/2022\/05\/FIRISAI-CONGOLO-1024x768.jpg 1024w, https:\/\/mundosonoro.org\/wp-content\/uploads\/2022\/05\/FIRISAI-CONGOLO-300x225.jpg 300w, https:\/\/mundosonoro.org\/wp-content\/uploads\/2022\/05\/FIRISAI-CONGOLO-768x576.jpg 768w, https:\/\/mundosonoro.org\/wp-content\/uploads\/2022\/05\/FIRISAI-CONGOLO-1536x1152.jpg 1536w, https:\/\/mundosonoro.org\/wp-content\/uploads\/2022\/05\/FIRISAI-CONGOLO.jpg 1980w\" sizes=\"auto, (max-width: 1024px) 100vw, 1024px\" \/><\/figure><div class=\"wp-block-media-text__content\">\n<p class=\"has-small-font-size\">Sonajero artesanal mestizo andino colombiano. Juguete musical basado en los sonajeros tradicionales ind\u00edgenas colombianos. Elaborado artesanalmente con semillas congolo y mimbre.<\/p>\n\n\n\n<p class=\"has-small-font-size\">Dimensiones: 25 cm.<\/p>\n\n\n\n<p class=\"has-small-font-size\">Materiales: congolos, bamb\u00fa, fique.<\/p>\n\n\n\n<p class=\"has-small-font-size\">C\u00f3digo # CMS-012<\/p>\n\n\n\n<p class=\"has-small-font-size\"><\/p>\n<\/div><\/div>\n\n\n\n<h2 class=\"wp-block-heading\">Tambora Tolimense<\/h2>\n\n\n\n<div class=\"wp-block-media-text alignwide is-stacked-on-mobile\"><figure class=\"wp-block-media-text__media\"><img loading=\"lazy\" decoding=\"async\" width=\"1024\" height=\"732\" src=\"https:\/\/mundosonoro.org\/wp-content\/uploads\/2022\/05\/IMG_1593-scaled-e1651702473833-1024x732.jpg\" alt=\"\" class=\"wp-image-445 size-full\" srcset=\"https:\/\/mundosonoro.org\/wp-content\/uploads\/2022\/05\/IMG_1593-scaled-e1651702473833-1024x732.jpg 1024w, https:\/\/mundosonoro.org\/wp-content\/uploads\/2022\/05\/IMG_1593-scaled-e1651702473833-300x214.jpg 300w, https:\/\/mundosonoro.org\/wp-content\/uploads\/2022\/05\/IMG_1593-scaled-e1651702473833-768x549.jpg 768w, https:\/\/mundosonoro.org\/wp-content\/uploads\/2022\/05\/IMG_1593-scaled-e1651702473833-1536x1098.jpg 1536w, https:\/\/mundosonoro.org\/wp-content\/uploads\/2022\/05\/IMG_1593-scaled-e1651702473833-2048x1464.jpg 2048w\" sizes=\"auto, (max-width: 1024px) 100vw, 1024px\" \/><\/figure><div class=\"wp-block-media-text__content\">\n<p class=\"has-small-font-size\">Instrumento artesanal mestizo andino colombiano. La tambora es el instrumento m\u00e1s representativo de la zona del Tolima. Elaborado artesanalmente en madera de balso y pieles de vaca.<\/p>\n\n\n\n<p class=\"has-small-font-size\">Dimensiones: 35 x 35 di\u00e1metro.<\/p>\n\n\n\n<p class=\"has-small-font-size\">Materiales: madera de balso, fique, pieles de vaca.<\/p>\n\n\n\n<p class=\"has-small-font-size\">&nbsp;C\u00f3digo # CMS-013<\/p>\n\n\n\n<p class=\"has-small-font-size\"><\/p>\n<\/div><\/div>\n\n\n\n<h2 class=\"wp-block-heading\">Puerca<\/h2>\n\n\n\n<div class=\"wp-block-media-text alignwide is-stacked-on-mobile\"><figure class=\"wp-block-media-text__media\"><\/figure><div class=\"wp-block-media-text__content\">\n<p class=\"has-large-font-size\"><\/p>\n<\/div><\/div>\n","protected":false},"excerpt":{"rendered":"<p>Cien-Pies Sonaja ind\u00edgena de semillas&nbsp; de cobalonga y guadua tradicional de m\u00fasica de rajale\u00f1as del Tolima y Huila. Colombia. Instrumento artesanal hecho a mano seg\u00fan tradici\u00f3n de origen Comunidad Avirama,&hellip;<\/p>\n","protected":false},"author":1,"featured_media":0,"parent":0,"menu_order":0,"comment_status":"closed","ping_status":"closed","template":"","meta":{"footnotes":""},"class_list":["post-415","page","type-page","status-publish","hentry"],"_links":{"self":[{"href":"https:\/\/mundosonoro.org\/index.php?rest_route=\/wp\/v2\/pages\/415","targetHints":{"allow":["GET"]}}],"collection":[{"href":"https:\/\/mundosonoro.org\/index.php?rest_route=\/wp\/v2\/pages"}],"about":[{"href":"https:\/\/mundosonoro.org\/index.php?rest_route=\/wp\/v2\/types\/page"}],"author":[{"embeddable":true,"href":"https:\/\/mundosonoro.org\/index.php?rest_route=\/wp\/v2\/users\/1"}],"replies":[{"embeddable":true,"href":"https:\/\/mundosonoro.org\/index.php?rest_route=%2Fwp%2Fv2%2Fcomments&post=415"}],"version-history":[{"count":11,"href":"https:\/\/mundosonoro.org\/index.php?rest_route=\/wp\/v2\/pages\/415\/revisions"}],"predecessor-version":[{"id":902,"href":"https:\/\/mundosonoro.org\/index.php?rest_route=\/wp\/v2\/pages\/415\/revisions\/902"}],"wp:attachment":[{"href":"https:\/\/mundosonoro.org\/index.php?rest_route=%2Fwp%2Fv2%2Fmedia&parent=415"}],"curies":[{"name":"wp","href":"https:\/\/api.w.org\/{rel}","templated":true}]}}