{"id":418,"date":"2022-05-04T16:48:59","date_gmt":"2022-05-04T21:48:59","guid":{"rendered":"https:\/\/mundosonoro.org\/?page_id=418"},"modified":"2022-05-04T17:33:53","modified_gmt":"2022-05-04T22:33:53","slug":"artesanias","status":"publish","type":"page","link":"https:\/\/mundosonoro.org\/?page_id=418","title":{"rendered":"Artesan\u00edas\/Regalos"},"content":{"rendered":"\n<h2 class=\"wp-block-heading\">M\u00fasicos de Madera<\/h2>\n\n\n\n<div class=\"wp-block-image\"><figure class=\"aligncenter size-large is-resized\"><img loading=\"lazy\" decoding=\"async\" src=\"https:\/\/mundosonoro.org\/wp-content\/uploads\/2022\/05\/IMG_1551-scaled-e1651702962850-1024x724.jpg\" alt=\"\" class=\"wp-image-449\" width=\"588\" height=\"415\" srcset=\"https:\/\/mundosonoro.org\/wp-content\/uploads\/2022\/05\/IMG_1551-scaled-e1651702962850-1024x724.jpg 1024w, https:\/\/mundosonoro.org\/wp-content\/uploads\/2022\/05\/IMG_1551-scaled-e1651702962850-300x212.jpg 300w, https:\/\/mundosonoro.org\/wp-content\/uploads\/2022\/05\/IMG_1551-scaled-e1651702962850-768x543.jpg 768w, https:\/\/mundosonoro.org\/wp-content\/uploads\/2022\/05\/IMG_1551-scaled-e1651702962850-1536x1086.jpg 1536w, https:\/\/mundosonoro.org\/wp-content\/uploads\/2022\/05\/IMG_1551-scaled-e1651702962850-2048x1448.jpg 2048w\" sizes=\"auto, (max-width: 588px) 100vw, 588px\" \/><\/figure><\/div>\n\n\n\n<div class=\"wp-block-media-text alignwide is-stacked-on-mobile\" style=\"grid-template-columns:35% auto\"><figure class=\"wp-block-media-text__media\"><img loading=\"lazy\" decoding=\"async\" width=\"1024\" height=\"768\" src=\"https:\/\/mundosonoro.org\/wp-content\/uploads\/2022\/05\/IMG_1553-1024x768.jpg\" alt=\"\" class=\"wp-image-448 size-full\" srcset=\"https:\/\/mundosonoro.org\/wp-content\/uploads\/2022\/05\/IMG_1553-1024x768.jpg 1024w, https:\/\/mundosonoro.org\/wp-content\/uploads\/2022\/05\/IMG_1553-300x225.jpg 300w, https:\/\/mundosonoro.org\/wp-content\/uploads\/2022\/05\/IMG_1553-768x576.jpg 768w, https:\/\/mundosonoro.org\/wp-content\/uploads\/2022\/05\/IMG_1553-1536x1152.jpg 1536w, https:\/\/mundosonoro.org\/wp-content\/uploads\/2022\/05\/IMG_1553-2048x1536.jpg 2048w\" sizes=\"auto, (max-width: 1024px) 100vw, 1024px\" \/><\/figure><div class=\"wp-block-media-text__content\">\n<p class=\"has-small-font-size\">Colecci\u00f3n exclusiva para Mundo Sonoro elaborada por el artista Wilson C\u00e1rdenas. Elaborados en maderas nativas, desarmables en piezas, ideales para regalo. La colecci\u00f3n incluye el flautista, el tamborero, el tiplista. Se venden individuales y la colecci\u00f3n completa.<\/p>\n\n\n\n<p class=\"has-small-font-size\">Dimensiones: 27 c.m.<\/p>\n\n\n\n<p class=\"has-small-font-size\">Materiales: maderas nativas.<\/p>\n\n\n\n<p class=\"has-small-font-size\">C\u00f3digo # CMS-015 <\/p>\n\n\n\n<p class=\"has-small-font-size\"><strong>Precio $175.000 COP<\/strong><\/p>\n<\/div><\/div>\n\n\n\n<div class=\"wp-block-columns is-layout-flex wp-container-core-columns-is-layout-9d6595d7 wp-block-columns-is-layout-flex\">\n<div class=\"wp-block-column is-layout-flow wp-block-column-is-layout-flow\"><\/div>\n<\/div>\n\n\n\n<h2 class=\"wp-block-heading\">Aretes Musicales<\/h2>\n\n\n\n<div class=\"wp-block-columns is-layout-flex wp-container-core-columns-is-layout-9d6595d7 wp-block-columns-is-layout-flex\">\n<div class=\"wp-block-column is-layout-flow wp-block-column-is-layout-flow\">\n<div class=\"wp-block-media-text alignwide is-stacked-on-mobile\" style=\"grid-template-columns:39% auto\"><figure class=\"wp-block-media-text__media\"><img loading=\"lazy\" decoding=\"async\" width=\"1024\" height=\"976\" src=\"https:\/\/mundosonoro.org\/wp-content\/uploads\/2022\/05\/IMG_1525-scaled-e1651703159818-1024x976.jpg\" alt=\"\" class=\"wp-image-450 size-full\" srcset=\"https:\/\/mundosonoro.org\/wp-content\/uploads\/2022\/05\/IMG_1525-scaled-e1651703159818-1024x976.jpg 1024w, https:\/\/mundosonoro.org\/wp-content\/uploads\/2022\/05\/IMG_1525-scaled-e1651703159818-300x286.jpg 300w, https:\/\/mundosonoro.org\/wp-content\/uploads\/2022\/05\/IMG_1525-scaled-e1651703159818-768x732.jpg 768w, https:\/\/mundosonoro.org\/wp-content\/uploads\/2022\/05\/IMG_1525-scaled-e1651703159818-1536x1464.jpg 1536w, https:\/\/mundosonoro.org\/wp-content\/uploads\/2022\/05\/IMG_1525-scaled-e1651703159818.jpg 1792w\" sizes=\"auto, (max-width: 1024px) 100vw, 1024px\" \/><\/figure><div class=\"wp-block-media-text__content\">\n<p class=\"has-large-font-size\"><\/p>\n<\/div><\/div>\n<\/div>\n\n\n\n<div class=\"wp-block-column is-layout-flow wp-block-column-is-layout-flow\">\n<div class=\"wp-block-media-text alignwide is-stacked-on-mobile\" style=\"grid-template-columns:42% auto\"><figure class=\"wp-block-media-text__media\"><img loading=\"lazy\" decoding=\"async\" width=\"963\" height=\"1024\" src=\"https:\/\/mundosonoro.org\/wp-content\/uploads\/2022\/05\/IMG_1516-scaled-e1651703184566-963x1024.jpg\" alt=\"\" class=\"wp-image-451 size-full\" srcset=\"https:\/\/mundosonoro.org\/wp-content\/uploads\/2022\/05\/IMG_1516-scaled-e1651703184566-963x1024.jpg 963w, https:\/\/mundosonoro.org\/wp-content\/uploads\/2022\/05\/IMG_1516-scaled-e1651703184566-282x300.jpg 282w, https:\/\/mundosonoro.org\/wp-content\/uploads\/2022\/05\/IMG_1516-scaled-e1651703184566-768x816.jpg 768w, https:\/\/mundosonoro.org\/wp-content\/uploads\/2022\/05\/IMG_1516-scaled-e1651703184566.jpg 1433w\" sizes=\"auto, (max-width: 963px) 100vw, 963px\" \/><\/figure><div class=\"wp-block-media-text__content\">\n<p class=\"has-large-font-size\"><\/p>\n<\/div><\/div>\n<\/div>\n\n\n\n<div class=\"wp-block-column is-layout-flow wp-block-column-is-layout-flow\">\n<div class=\"wp-block-media-text alignwide is-stacked-on-mobile\"><figure class=\"wp-block-media-text__media\"><img loading=\"lazy\" decoding=\"async\" width=\"1024\" height=\"974\" src=\"https:\/\/mundosonoro.org\/wp-content\/uploads\/2022\/05\/IMG_1521-scaled-e1651703212299-1024x974.jpg\" alt=\"\" class=\"wp-image-452 size-full\" srcset=\"https:\/\/mundosonoro.org\/wp-content\/uploads\/2022\/05\/IMG_1521-scaled-e1651703212299-1024x974.jpg 1024w, https:\/\/mundosonoro.org\/wp-content\/uploads\/2022\/05\/IMG_1521-scaled-e1651703212299-300x285.jpg 300w, https:\/\/mundosonoro.org\/wp-content\/uploads\/2022\/05\/IMG_1521-scaled-e1651703212299-768x731.jpg 768w, https:\/\/mundosonoro.org\/wp-content\/uploads\/2022\/05\/IMG_1521-scaled-e1651703212299-1536x1461.jpg 1536w, https:\/\/mundosonoro.org\/wp-content\/uploads\/2022\/05\/IMG_1521-scaled-e1651703212299.jpg 1587w\" sizes=\"auto, (max-width: 1024px) 100vw, 1024px\" \/><\/figure><div class=\"wp-block-media-text__content\">\n<p class=\"has-large-font-size\"><\/p>\n<\/div><\/div>\n<\/div>\n<\/div>\n\n\n\n<p class=\"has-small-font-size\">Elaborados en resina. Dise\u00f1o exclusivo para Mundo Sonoro por la artista tolimense Sagda Correa vienen en varios motivos musicales. Incluyen estuche en caja de cart\u00f3n ecol\u00f3gico.<\/p>\n\n\n\n<p class=\"has-small-font-size\">Materiales: Resina.<\/p>\n\n\n\n<p class=\"has-small-font-size\">C\u00f3digo # CMS-016 <\/p>\n\n\n\n<p class=\"has-small-font-size\"><strong>Precio $35.000 COP<\/strong><\/p>\n\n\n\n<p><\/p>\n\n\n\n<h2 class=\"wp-block-heading\">Estuche Botella de Vino<\/h2>\n\n\n\n<div class=\"wp-block-media-text alignwide is-stacked-on-mobile\" style=\"grid-template-columns:34% auto\"><figure class=\"wp-block-media-text__media\"><img loading=\"lazy\" decoding=\"async\" width=\"768\" height=\"1024\" src=\"https:\/\/mundosonoro.org\/wp-content\/uploads\/2022\/05\/IMG_1501-1-768x1024.jpg\" alt=\"\" class=\"wp-image-457 size-full\" srcset=\"https:\/\/mundosonoro.org\/wp-content\/uploads\/2022\/05\/IMG_1501-1-768x1024.jpg 768w, https:\/\/mundosonoro.org\/wp-content\/uploads\/2022\/05\/IMG_1501-1-225x300.jpg 225w, https:\/\/mundosonoro.org\/wp-content\/uploads\/2022\/05\/IMG_1501-1-1152x1536.jpg 1152w, https:\/\/mundosonoro.org\/wp-content\/uploads\/2022\/05\/IMG_1501-1-1536x2048.jpg 1536w, https:\/\/mundosonoro.org\/wp-content\/uploads\/2022\/05\/IMG_1501-1-scaled.jpg 1920w\" sizes=\"auto, (max-width: 768px) 100vw, 768px\" \/><\/figure><div class=\"wp-block-media-text__content\">\n<p class=\"has-small-font-size\">Dise\u00f1o exclusivo para Mundo Sonoro por la artista tolimense Sagda Correa. Elaborado en cart\u00f3n ecol\u00f3gico.<\/p>\n\n\n\n<p class=\"has-small-font-size\">Materiales: cart\u00f3n corrugado.<\/p>\n\n\n\n<p class=\"has-small-font-size\">C\u00f3digo # CMS-017 <\/p>\n\n\n\n<p class=\"has-small-font-size\"><strong>Precio $25.000 COP<\/strong><\/p>\n<\/div><\/div>\n\n\n\n<h2 class=\"wp-block-heading\">Agenda Musical<\/h2>\n\n\n\n<div class=\"wp-block-media-text alignwide is-stacked-on-mobile\" style=\"grid-template-columns:38% auto\"><figure class=\"wp-block-media-text__media\"><img loading=\"lazy\" decoding=\"async\" width=\"1024\" height=\"768\" src=\"https:\/\/mundosonoro.org\/wp-content\/uploads\/2022\/05\/IMG_1539-1024x768.jpg\" alt=\"\" class=\"wp-image-458 size-full\" srcset=\"https:\/\/mundosonoro.org\/wp-content\/uploads\/2022\/05\/IMG_1539-1024x768.jpg 1024w, https:\/\/mundosonoro.org\/wp-content\/uploads\/2022\/05\/IMG_1539-300x225.jpg 300w, https:\/\/mundosonoro.org\/wp-content\/uploads\/2022\/05\/IMG_1539-768x576.jpg 768w, https:\/\/mundosonoro.org\/wp-content\/uploads\/2022\/05\/IMG_1539-1536x1152.jpg 1536w, https:\/\/mundosonoro.org\/wp-content\/uploads\/2022\/05\/IMG_1539-2048x1536.jpg 2048w\" sizes=\"auto, (max-width: 1024px) 100vw, 1024px\" \/><\/figure><div class=\"wp-block-media-text__content\">\n<p class=\"has-small-font-size\">Dise\u00f1o exclusivo para Mundo Sonoro por la artista tolimense Sagda Correa. Elaborado en cart\u00f3n ecol\u00f3gico.<\/p>\n\n\n\n<p class=\"has-small-font-size\">Dimensiones:<\/p>\n\n\n\n<p class=\"has-small-font-size\">Materiales: cart\u00f3n, papel Kimberly.<\/p>\n\n\n\n<p class=\"has-small-font-size\">C\u00f3digo # CMS-018 <\/p>\n\n\n\n<p class=\"has-small-font-size\"><strong>Precio $45.000 COP<\/strong><\/p>\n<\/div><\/div>\n\n\n\n<h2 class=\"wp-block-heading\">Bolsa de Regalo Craft<\/h2>\n\n\n\n<div class=\"wp-block-media-text alignwide is-stacked-on-mobile\" style=\"grid-template-columns:28% auto\"><figure class=\"wp-block-media-text__media\"><img loading=\"lazy\" decoding=\"async\" width=\"768\" height=\"1024\" src=\"https:\/\/mundosonoro.org\/wp-content\/uploads\/2022\/05\/IMG_1544-768x1024.jpg\" alt=\"\" class=\"wp-image-459 size-full\" srcset=\"https:\/\/mundosonoro.org\/wp-content\/uploads\/2022\/05\/IMG_1544-768x1024.jpg 768w, https:\/\/mundosonoro.org\/wp-content\/uploads\/2022\/05\/IMG_1544-225x300.jpg 225w, https:\/\/mundosonoro.org\/wp-content\/uploads\/2022\/05\/IMG_1544-1152x1536.jpg 1152w, https:\/\/mundosonoro.org\/wp-content\/uploads\/2022\/05\/IMG_1544-1536x2048.jpg 1536w, https:\/\/mundosonoro.org\/wp-content\/uploads\/2022\/05\/IMG_1544-scaled.jpg 1920w\" sizes=\"auto, (max-width: 768px) 100vw, 768px\" \/><\/figure><div class=\"wp-block-media-text__content\">\n<p class=\"has-small-font-size\">Dise\u00f1o exclusivo para Mundo Sonoro por la artista tolimense Sagda Correa. Elaborado en papel craft.<\/p>\n\n\n\n<p class=\"has-small-font-size\">Dimensiones: 35 x 8 cm.<\/p>\n\n\n\n<p class=\"has-small-font-size\">Materiales: papel craft.<\/p>\n\n\n\n<p class=\"has-small-font-size\">C\u00f3digo # CMS-019 <\/p>\n\n\n\n<p class=\"has-small-font-size\"><strong>Precio $5.000 COP<\/strong><\/p>\n<\/div><\/div>\n\n\n\n<h2 class=\"wp-block-heading\">LLavero Instrumento Miniatura<\/h2>\n\n\n\n<div class=\"wp-block-media-text alignwide is-stacked-on-mobile\"><figure class=\"wp-block-media-text__media\"><img loading=\"lazy\" decoding=\"async\" width=\"1024\" height=\"768\" src=\"https:\/\/mundosonoro.org\/wp-content\/uploads\/2022\/05\/IMG_1529-scaled-e1651703570919-1024x768.jpg\" alt=\"\" class=\"wp-image-460 size-full\" srcset=\"https:\/\/mundosonoro.org\/wp-content\/uploads\/2022\/05\/IMG_1529-scaled-e1651703570919-1024x768.jpg 1024w, https:\/\/mundosonoro.org\/wp-content\/uploads\/2022\/05\/IMG_1529-scaled-e1651703570919-300x225.jpg 300w, https:\/\/mundosonoro.org\/wp-content\/uploads\/2022\/05\/IMG_1529-scaled-e1651703570919-768x576.jpg 768w, https:\/\/mundosonoro.org\/wp-content\/uploads\/2022\/05\/IMG_1529-scaled-e1651703570919-1536x1152.jpg 1536w, https:\/\/mundosonoro.org\/wp-content\/uploads\/2022\/05\/IMG_1529-scaled-e1651703570919-2048x1536.jpg 2048w\" sizes=\"auto, (max-width: 1024px) 100vw, 1024px\" \/><\/figure><div class=\"wp-block-media-text__content\">\n<p class=\"has-small-font-size\">Simp\u00e1tico llavero con figuras miniatura de instrumentos de la colecci\u00f3n Mundo Sonoro. Dise\u00f1o exclusivo.<\/p>\n\n\n\n<p class=\"has-small-font-size\">Materiales: Madera aglomerada.<\/p>\n\n\n\n<p class=\"has-small-font-size\">C\u00f3digo # CMS-020 <\/p>\n\n\n\n<p class=\"has-small-font-size\"><strong>Precio $15.000 COP<\/strong> (Precio por unidad)<\/p>\n<\/div><\/div>\n\n\n\n<p><\/p>\n","protected":false},"excerpt":{"rendered":"<p>M\u00fasicos de Madera Colecci\u00f3n exclusiva para Mundo Sonoro elaborada por el artista Wilson C\u00e1rdenas. Elaborados en maderas nativas, desarmables en piezas, ideales para regalo. La colecci\u00f3n incluye el flautista, el&hellip;<\/p>\n","protected":false},"author":1,"featured_media":0,"parent":0,"menu_order":0,"comment_status":"closed","ping_status":"closed","template":"","meta":{"footnotes":""},"class_list":["post-418","page","type-page","status-publish","hentry"],"_links":{"self":[{"href":"https:\/\/mundosonoro.org\/index.php?rest_route=\/wp\/v2\/pages\/418","targetHints":{"allow":["GET"]}}],"collection":[{"href":"https:\/\/mundosonoro.org\/index.php?rest_route=\/wp\/v2\/pages"}],"about":[{"href":"https:\/\/mundosonoro.org\/index.php?rest_route=\/wp\/v2\/types\/page"}],"author":[{"embeddable":true,"href":"https:\/\/mundosonoro.org\/index.php?rest_route=\/wp\/v2\/users\/1"}],"replies":[{"embeddable":true,"href":"https:\/\/mundosonoro.org\/index.php?rest_route=%2Fwp%2Fv2%2Fcomments&post=418"}],"version-history":[{"count":5,"href":"https:\/\/mundosonoro.org\/index.php?rest_route=\/wp\/v2\/pages\/418\/revisions"}],"predecessor-version":[{"id":461,"href":"https:\/\/mundosonoro.org\/index.php?rest_route=\/wp\/v2\/pages\/418\/revisions\/461"}],"wp:attachment":[{"href":"https:\/\/mundosonoro.org\/index.php?rest_route=%2Fwp%2Fv2%2Fmedia&parent=418"}],"curies":[{"name":"wp","href":"https:\/\/api.w.org\/{rel}","templated":true}]}}