{"id":486,"date":"2022-05-16T11:34:24","date_gmt":"2022-05-16T16:34:24","guid":{"rendered":"https:\/\/mundosonoro.org\/?page_id=486"},"modified":"2025-07-22T12:23:16","modified_gmt":"2025-07-22T17:23:16","slug":"culturas-y-destinos-sonoros-por-el-mundo","status":"publish","type":"page","link":"https:\/\/mundosonoro.org\/?page_id=486","title":{"rendered":"COLOMBIA MESTIZA :                                                                                                       DE LOS ANDES A LOS LLANOS"},"content":{"rendered":"\n<p>Los instrumentos musicales mestizos colombianos son fruto de la fusi\u00f3n de las tradiciones ind\u00edgenas, africanas y europeas, dando lugar a una rica variedad de sonidos y estilos. Estos instrumentos, como el tiple, la bandola y el chucho, reflejan la diversidad cultural del pa\u00eds y son esenciales en la m\u00fasica popular y tradicional. Seg\u00fan sea el territorio sonoro donde se interpreten ( Andes &#8211; Centro Occidente-Sur Oriente o Llanos Orientales), est\u00e1n asociados a tonadas y ritmos regionales propios como el torbellino, el bambuco o el joropo.<\/p>\n\n\n\n<div class=\"wp-block-columns is-layout-flex wp-container-core-columns-is-layout-9d6595d7 wp-block-columns-is-layout-flex\">\n<div class=\"wp-block-column is-layout-flow wp-block-column-is-layout-flow\">\n<div class=\"wp-block-columns is-layout-flex wp-container-core-columns-is-layout-9d6595d7 wp-block-columns-is-layout-flex\">\n<div class=\"wp-block-column is-layout-flow wp-block-column-is-layout-flow\"><\/div>\n<\/div>\n\n\n\n<figure class=\"wp-block-image size-large\"><img loading=\"lazy\" decoding=\"async\" width=\"1024\" height=\"576\" src=\"https:\/\/mundosonoro.org\/wp-content\/uploads\/2023\/07\/7-REQUINTO-1024x576.jpeg\" alt=\"\" class=\"wp-image-820\" srcset=\"https:\/\/mundosonoro.org\/wp-content\/uploads\/2023\/07\/7-REQUINTO-1024x576.jpeg 1024w, https:\/\/mundosonoro.org\/wp-content\/uploads\/2023\/07\/7-REQUINTO-300x169.jpeg 300w, https:\/\/mundosonoro.org\/wp-content\/uploads\/2023\/07\/7-REQUINTO-768x432.jpeg 768w, https:\/\/mundosonoro.org\/wp-content\/uploads\/2023\/07\/7-REQUINTO-18x10.jpeg 18w, https:\/\/mundosonoro.org\/wp-content\/uploads\/2023\/07\/7-REQUINTO.jpeg 1200w\" sizes=\"auto, (max-width: 1024px) 100vw, 1024px\" \/><\/figure>\n<\/div>\n<\/div>\n\n\n\n<div class=\"wp-block-columns is-layout-flex wp-container-core-columns-is-layout-9d6595d7 wp-block-columns-is-layout-flex\">\n<div class=\"wp-block-column is-layout-flow wp-block-column-is-layout-flow\">\n<figure class=\"wp-block-audio\"><audio  controls src=\"https:\/\/mundosonoro.org\/wp-content\/uploads\/2023\/10\/046-Tiple-1.mp3\"><\/audio><\/figure>\n<\/div>\n<\/div>\n\n\n\n<div class=\"wp-block-columns is-layout-flex wp-container-core-columns-is-layout-9d6595d7 wp-block-columns-is-layout-flex\">\n<div class=\"wp-block-column is-layout-flow wp-block-column-is-layout-flow\" style=\"flex-basis:50%\"><\/div>\n\n\n\n<div class=\"wp-block-column is-layout-flow wp-block-column-is-layout-flow\" style=\"flex-basis:25%\"><\/div>\n<\/div>\n\n\n\n<figure class=\"wp-block-image size-large\"><img loading=\"lazy\" decoding=\"async\" width=\"1024\" height=\"576\" src=\"https:\/\/mundosonoro.org\/wp-content\/uploads\/2023\/07\/8-BANDOLA-PINPON-1024x576.jpeg\" alt=\"\" class=\"wp-image-822\" srcset=\"https:\/\/mundosonoro.org\/wp-content\/uploads\/2023\/07\/8-BANDOLA-PINPON-1024x576.jpeg 1024w, https:\/\/mundosonoro.org\/wp-content\/uploads\/2023\/07\/8-BANDOLA-PINPON-300x169.jpeg 300w, https:\/\/mundosonoro.org\/wp-content\/uploads\/2023\/07\/8-BANDOLA-PINPON-768x432.jpeg 768w, https:\/\/mundosonoro.org\/wp-content\/uploads\/2023\/07\/8-BANDOLA-PINPON-18x10.jpeg 18w, https:\/\/mundosonoro.org\/wp-content\/uploads\/2023\/07\/8-BANDOLA-PINPON.jpeg 1200w\" sizes=\"auto, (max-width: 1024px) 100vw, 1024px\" \/><\/figure>\n\n\n\n<figure class=\"wp-block-audio\"><audio  data-artist=\"Jos\u00e9 de Londres\" data-title=\"Bandola Llanera: Pajarillo\" controls src=\"https:\/\/mundosonoro.org\/wp-content\/uploads\/2025\/04\/167-Bandola-LLanera.mp3\"><\/audio><\/figure>\n\n\n\n<figure class=\"wp-block-image size-large\"><img loading=\"lazy\" decoding=\"async\" width=\"1024\" height=\"576\" src=\"https:\/\/mundosonoro.org\/wp-content\/uploads\/2023\/07\/9-PUERCA-1024x576.jpeg\" alt=\"\" class=\"wp-image-823\" srcset=\"https:\/\/mundosonoro.org\/wp-content\/uploads\/2023\/07\/9-PUERCA-1024x576.jpeg 1024w, https:\/\/mundosonoro.org\/wp-content\/uploads\/2023\/07\/9-PUERCA-300x169.jpeg 300w, https:\/\/mundosonoro.org\/wp-content\/uploads\/2023\/07\/9-PUERCA-768x432.jpeg 768w, https:\/\/mundosonoro.org\/wp-content\/uploads\/2023\/07\/9-PUERCA-18x10.jpeg 18w, https:\/\/mundosonoro.org\/wp-content\/uploads\/2023\/07\/9-PUERCA.jpeg 1200w\" sizes=\"auto, (max-width: 1024px) 100vw, 1024px\" \/><\/figure>\n\n\n\n<figure class=\"wp-block-audio\"><audio  controls src=\"https:\/\/mundosonoro.org\/wp-content\/uploads\/2023\/10\/031-Puerca.mp3\"><\/audio><\/figure>\n\n\n\n<h2 class=\"wp-block-heading has-text-align-center\">Violin caucano<\/h2>\n\n\n\n\n\n<figure class=\"wp-block-audio\"><audio  data-artist=\"Festival Petronio \u00c1lvarez\" data-title=\"Mavichi Grupo - Festival Petronio \u00c1lvarez 2023\" controls src=\"https:\/\/mundosonoro.org\/wp-content\/uploads\/2025\/07\/23.-Violin-Caucano.mp3\"><\/audio><\/figure>\n\n\n\n<h2 class=\"wp-block-heading has-text-align-center\">ARPA<\/h2>\n\n\n\n<figure class=\"wp-block-image size-large\"><img loading=\"lazy\" decoding=\"async\" width=\"1024\" height=\"576\" src=\"https:\/\/mundosonoro.org\/wp-content\/uploads\/2025\/07\/191-Arpa-1024x576.png\" alt=\"\" class=\"wp-image-1754\" srcset=\"https:\/\/mundosonoro.org\/wp-content\/uploads\/2025\/07\/191-Arpa-1024x576.png 1024w, https:\/\/mundosonoro.org\/wp-content\/uploads\/2025\/07\/191-Arpa-300x169.png 300w, https:\/\/mundosonoro.org\/wp-content\/uploads\/2025\/07\/191-Arpa-768x432.png 768w, https:\/\/mundosonoro.org\/wp-content\/uploads\/2025\/07\/191-Arpa-1536x864.png 1536w, https:\/\/mundosonoro.org\/wp-content\/uploads\/2025\/07\/191-Arpa-18x10.png 18w, https:\/\/mundosonoro.org\/wp-content\/uploads\/2025\/07\/191-Arpa.png 1920w\" sizes=\"auto, (max-width: 1024px) 100vw, 1024px\" \/><\/figure>\n\n\n\n<figure class=\"wp-block-audio\"><audio  data-artist=\"ARPAMARTINEZ ALEX MARTINEZ\" data-title=\"ArpaMartinez Demo \"Seis por Derecho\" Re Mayor\" controls src=\"https:\/\/mundosonoro.org\/wp-content\/uploads\/2025\/07\/191-Arpa.mp3\"><\/audio><\/figure>\n\n\n\n<p class=\"has-text-align-center\"><strong>Cuatro Llanero<\/strong><\/p>\n\n\n\n<figure class=\"wp-block-audio\"><audio  controls src=\"https:\/\/mundosonoro.org\/wp-content\/uploads\/2025\/07\/19.-Cuatro-llanero.mp3\"><\/audio><\/figure>\n\n\n\n<p class=\"has-text-align-center\"><strong>Capachos<\/strong><\/p>\n\n\n\n<figure class=\"wp-block-audio\"><audio  controls src=\"https:\/\/mundosonoro.org\/wp-content\/uploads\/2025\/07\/213.Capachos.wav\"><\/audio><\/figure>\n\n\n\n<p><\/p>\n","protected":false},"excerpt":{"rendered":"<p>Los instrumentos musicales mestizos colombianos son fruto de la fusi\u00f3n de las tradiciones ind\u00edgenas, africanas y europeas, dando lugar a una rica variedad de sonidos y estilos. Estos instrumentos, como&hellip;<\/p>\n","protected":false},"author":1,"featured_media":1169,"parent":0,"menu_order":0,"comment_status":"closed","ping_status":"closed","template":"","meta":{"footnotes":""},"class_list":["post-486","page","type-page","status-publish","has-post-thumbnail","hentry"],"_links":{"self":[{"href":"https:\/\/mundosonoro.org\/index.php?rest_route=\/wp\/v2\/pages\/486","targetHints":{"allow":["GET"]}}],"collection":[{"href":"https:\/\/mundosonoro.org\/index.php?rest_route=\/wp\/v2\/pages"}],"about":[{"href":"https:\/\/mundosonoro.org\/index.php?rest_route=\/wp\/v2\/types\/page"}],"author":[{"embeddable":true,"href":"https:\/\/mundosonoro.org\/index.php?rest_route=\/wp\/v2\/users\/1"}],"replies":[{"embeddable":true,"href":"https:\/\/mundosonoro.org\/index.php?rest_route=%2Fwp%2Fv2%2Fcomments&post=486"}],"version-history":[{"count":60,"href":"https:\/\/mundosonoro.org\/index.php?rest_route=\/wp\/v2\/pages\/486\/revisions"}],"predecessor-version":[{"id":1755,"href":"https:\/\/mundosonoro.org\/index.php?rest_route=\/wp\/v2\/pages\/486\/revisions\/1755"}],"wp:featuredmedia":[{"embeddable":true,"href":"https:\/\/mundosonoro.org\/index.php?rest_route=\/wp\/v2\/media\/1169"}],"wp:attachment":[{"href":"https:\/\/mundosonoro.org\/index.php?rest_route=%2Fwp%2Fv2%2Fmedia&parent=486"}],"curies":[{"name":"wp","href":"https:\/\/api.w.org\/{rel}","templated":true}]}}