{"id":819,"date":"2023-07-27T10:09:18","date_gmt":"2023-07-27T15:09:18","guid":{"rendered":"https:\/\/mundosonoro.org\/?page_id=819"},"modified":"2026-04-17T09:36:11","modified_gmt":"2026-04-17T14:36:11","slug":"colombia-mestiza-y-andino-llanera","status":"publish","type":"page","link":"https:\/\/mundosonoro.org\/?page_id=819","title":{"rendered":"MEMORIA Y TRADICI\u00d3N IND\u00cdGENA"},"content":{"rendered":"\n<p class=\"has-text-align-center\">Los instrumentos musicales ind\u00edgenas colombianos son una expresi\u00f3n cultural que refleja la conexi\u00f3n de estas comunidades con la naturaleza y sus tradiciones ancestrales. M\u00e1s all\u00e1 de su funci\u00f3n sonora, representan un patrimonio esencial que simboliza la identidad y resistencia de cerca de 90 pueblos o comunidades ind\u00edgenas, entre quienes se reconocen los Wayuu, los Ember\u00e1, Los kogui y los Murui-Muinane,&nbsp; siendo clave su uso&nbsp; en rituales y festividades.<br><br>Instrumentos: Flauta traversa\/ Rer\u00edbacui\/ Firisai Amazonas\/ Maguar\u00e9\/ silbatos \/ \u00d1ama-Cohe \/Flauta Desana\/ Flauta Kam\u00ebnt\u0161\u00e1 \/Quena\/ Morroco \/ Maraca \/ Yalomos \/ Yapurut\u00fa \/Firisai \/ Chajchas \/ Ontorroyoy \/ Sawawa \/Massi \/ Jirraguay \/Turrompo<br><br><\/p>\n\n\n<div class=\"wp-block-image wp-duotone-unset-1\">\n<figure class=\"aligncenter size-large is-resized\"><img loading=\"lazy\" decoding=\"async\" width=\"1024\" height=\"576\" src=\"https:\/\/mundosonoro.org\/wp-content\/uploads\/2023\/07\/MAGUARE-1024x576.jpeg\" alt=\"\" class=\"wp-image-780\" style=\"width:608px;height:auto\" srcset=\"https:\/\/mundosonoro.org\/wp-content\/uploads\/2023\/07\/MAGUARE-1024x576.jpeg 1024w, https:\/\/mundosonoro.org\/wp-content\/uploads\/2023\/07\/MAGUARE-300x169.jpeg 300w, https:\/\/mundosonoro.org\/wp-content\/uploads\/2023\/07\/MAGUARE-768x432.jpeg 768w, https:\/\/mundosonoro.org\/wp-content\/uploads\/2023\/07\/MAGUARE-18x10.jpeg 18w, https:\/\/mundosonoro.org\/wp-content\/uploads\/2023\/07\/MAGUARE.jpeg 1200w\" sizes=\"auto, (max-width: 1024px) 100vw, 1024px\" \/><\/figure>\n<\/div>\n\n\n<figure class=\"wp-block-audio\"><audio  controls src=\"https:\/\/mundosonoro.org\/wp-content\/uploads\/2023\/10\/MAguare.mp3\"><\/audio><\/figure>\n\n\n<div class=\"wp-block-image\">\n<figure class=\"aligncenter size-large is-resized\"><img loading=\"lazy\" decoding=\"async\" width=\"1024\" height=\"576\" src=\"https:\/\/mundosonoro.org\/wp-content\/uploads\/2023\/07\/MASSI-1024x576.jpeg\" alt=\"\" class=\"wp-image-779\" style=\"width:604px;height:auto\" srcset=\"https:\/\/mundosonoro.org\/wp-content\/uploads\/2023\/07\/MASSI-1024x576.jpeg 1024w, https:\/\/mundosonoro.org\/wp-content\/uploads\/2023\/07\/MASSI-300x169.jpeg 300w, https:\/\/mundosonoro.org\/wp-content\/uploads\/2023\/07\/MASSI-768x432.jpeg 768w, https:\/\/mundosonoro.org\/wp-content\/uploads\/2023\/07\/MASSI-18x10.jpeg 18w, https:\/\/mundosonoro.org\/wp-content\/uploads\/2023\/07\/MASSI.jpeg 1200w\" sizes=\"auto, (max-width: 1024px) 100vw, 1024px\" \/><\/figure>\n<\/div>\n\n\n<figure class=\"wp-block-audio\"><audio  controls src=\"https:\/\/mundosonoro.org\/wp-content\/uploads\/2023\/10\/204-Massi-5.mp3\"><\/audio><\/figure>\n\n\n<div class=\"wp-block-image\">\n<figure class=\"aligncenter size-large is-resized\"><img loading=\"lazy\" decoding=\"async\" width=\"1024\" height=\"576\" src=\"https:\/\/mundosonoro.org\/wp-content\/uploads\/2025\/02\/196-TURROMPO-1024x576.jpeg\" alt=\"\" class=\"wp-image-1519\" style=\"width:589px;height:auto\" srcset=\"https:\/\/mundosonoro.org\/wp-content\/uploads\/2025\/02\/196-TURROMPO-1024x576.jpeg 1024w, https:\/\/mundosonoro.org\/wp-content\/uploads\/2025\/02\/196-TURROMPO-300x169.jpeg 300w, https:\/\/mundosonoro.org\/wp-content\/uploads\/2025\/02\/196-TURROMPO-768x432.jpeg 768w, https:\/\/mundosonoro.org\/wp-content\/uploads\/2025\/02\/196-TURROMPO-18x10.jpeg 18w, https:\/\/mundosonoro.org\/wp-content\/uploads\/2025\/02\/196-TURROMPO.jpeg 1200w\" sizes=\"auto, (max-width: 1024px) 100vw, 1024px\" \/><\/figure>\n<\/div>\n\n\n<figure class=\"wp-block-audio\"><audio  controls src=\"https:\/\/mundosonoro.org\/wp-content\/uploads\/2023\/10\/206-Turrompo-2.mp3\"><\/audio><\/figure>\n\n\n\n<figure class=\"wp-block-image size-large\"><img loading=\"lazy\" decoding=\"async\" width=\"1024\" height=\"576\" src=\"https:\/\/mundosonoro.org\/wp-content\/uploads\/2025\/07\/162-Ontoroyoy-1024x576.jpg\" alt=\"\" class=\"wp-image-1686\" srcset=\"https:\/\/mundosonoro.org\/wp-content\/uploads\/2025\/07\/162-Ontoroyoy-1024x576.jpg 1024w, https:\/\/mundosonoro.org\/wp-content\/uploads\/2025\/07\/162-Ontoroyoy-300x169.jpg 300w, https:\/\/mundosonoro.org\/wp-content\/uploads\/2025\/07\/162-Ontoroyoy-768x432.jpg 768w, https:\/\/mundosonoro.org\/wp-content\/uploads\/2025\/07\/162-Ontoroyoy-18x10.jpg 18w, https:\/\/mundosonoro.org\/wp-content\/uploads\/2025\/07\/162-Ontoroyoy.jpg 1280w\" sizes=\"auto, (max-width: 1024px) 100vw, 1024px\" \/><\/figure>\n\n\n\n<figure class=\"wp-block-audio\"><audio  data-title=\"CD Track 6\" controls src=\"https:\/\/mundosonoro.org\/wp-content\/uploads\/2025\/07\/192-wotoroyoy-.mp3\"><\/audio><\/figure>\n\n\n\n<p class=\"has-text-align-center\"><\/p>\n\n\n\n<figure class=\"wp-block-image size-large\"><img loading=\"lazy\" decoding=\"async\" width=\"1024\" height=\"566\" src=\"https:\/\/mundosonoro.org\/wp-content\/uploads\/2026\/04\/177-Ocarina-Zenu-1024x566.png\" alt=\"\" class=\"wp-image-1826\" srcset=\"https:\/\/mundosonoro.org\/wp-content\/uploads\/2026\/04\/177-Ocarina-Zenu-1024x566.png 1024w, https:\/\/mundosonoro.org\/wp-content\/uploads\/2026\/04\/177-Ocarina-Zenu-300x166.png 300w, https:\/\/mundosonoro.org\/wp-content\/uploads\/2026\/04\/177-Ocarina-Zenu-768x424.png 768w, https:\/\/mundosonoro.org\/wp-content\/uploads\/2026\/04\/177-Ocarina-Zenu-1536x849.png 1536w, https:\/\/mundosonoro.org\/wp-content\/uploads\/2026\/04\/177-Ocarina-Zenu-18x10.png 18w, https:\/\/mundosonoro.org\/wp-content\/uploads\/2026\/04\/177-Ocarina-Zenu.png 1904w\" sizes=\"auto, (max-width: 1024px) 100vw, 1024px\" \/><\/figure>\n\n\n\n<p class=\"has-text-align-center\"><strong>Ocarina<\/strong><\/p>\n\n\n\n<figure class=\"wp-block-audio\"><audio  controls src=\"https:\/\/mundosonoro.org\/wp-content\/uploads\/2025\/07\/ocarina.mp3\"><\/audio><\/figure>\n\n\n\n<p><\/p>\n","protected":false},"excerpt":{"rendered":"<p>Los instrumentos musicales ind\u00edgenas colombianos son una expresi\u00f3n cultural que refleja la conexi\u00f3n de estas comunidades con la naturaleza y sus tradiciones ancestrales. M\u00e1s all\u00e1 de su funci\u00f3n sonora, representan&hellip;<\/p>\n","protected":false},"author":1,"featured_media":1171,"parent":0,"menu_order":0,"comment_status":"closed","ping_status":"closed","template":"","meta":{"footnotes":""},"class_list":["post-819","page","type-page","status-publish","has-post-thumbnail","hentry"],"_links":{"self":[{"href":"https:\/\/mundosonoro.org\/index.php?rest_route=\/wp\/v2\/pages\/819","targetHints":{"allow":["GET"]}}],"collection":[{"href":"https:\/\/mundosonoro.org\/index.php?rest_route=\/wp\/v2\/pages"}],"about":[{"href":"https:\/\/mundosonoro.org\/index.php?rest_route=\/wp\/v2\/types\/page"}],"author":[{"embeddable":true,"href":"https:\/\/mundosonoro.org\/index.php?rest_route=\/wp\/v2\/users\/1"}],"replies":[{"embeddable":true,"href":"https:\/\/mundosonoro.org\/index.php?rest_route=%2Fwp%2Fv2%2Fcomments&post=819"}],"version-history":[{"count":17,"href":"https:\/\/mundosonoro.org\/index.php?rest_route=\/wp\/v2\/pages\/819\/revisions"}],"predecessor-version":[{"id":1827,"href":"https:\/\/mundosonoro.org\/index.php?rest_route=\/wp\/v2\/pages\/819\/revisions\/1827"}],"wp:featuredmedia":[{"embeddable":true,"href":"https:\/\/mundosonoro.org\/index.php?rest_route=\/wp\/v2\/media\/1171"}],"wp:attachment":[{"href":"https:\/\/mundosonoro.org\/index.php?rest_route=%2Fwp%2Fv2%2Fmedia&parent=819"}],"curies":[{"name":"wp","href":"https:\/\/api.w.org\/{rel}","templated":true}]}}